{"id":2672,"date":"2024-09-24T10:26:06","date_gmt":"2024-09-24T10:26:06","guid":{"rendered":"https:\/\/youngreenteco.com\/hafdu-samband\/"},"modified":"2025-05-03T11:14:02","modified_gmt":"2025-05-03T11:14:02","slug":"hafdu-samband","status":"publish","type":"page","link":"https:\/\/youngreenteco.com\/is\/hafdu-samband\/","title":{"rendered":"Haf\u00f0u samband"},"content":{"rendered":"\t\t<div data-elementor-type=\"wp-page\" data-elementor-id=\"2672\" class=\"elementor elementor-2672 elementor-1326\">\n\t\t\t\t<div class=\"elementor-element elementor-element-63904e4 e-flex e-con-boxed e-con e-parent\" data-id=\"63904e4\" data-element_type=\"container\" data-settings=\"{&quot;background_background&quot;:&quot;classic&quot;}\">\n\t\t\t\t\t<div class=\"e-con-inner\">\n\t\t<div class=\"elementor-element elementor-element-f3ada9c e-con-full e-flex e-con e-child\" data-id=\"f3ada9c\" data-element_type=\"container\">\n\t\t\t\t<div class=\"elementor-element elementor-element-3388234 elementor-widget elementor-widget-visaland-heading-title-widget\" data-id=\"3388234\" data-element_type=\"widget\" data-widget_type=\"visaland-heading-title-widget.default\">\n\t\t\t\t<div class=\"elementor-widget-container\">\n\t\t\t\t\t\r\n\t\r\n\r\n\t<div class=\"section-title\">\r\n\t\t<span class=\"wow fadeInUp\">Verkefnastj\u00f3ri<\/span>\r\n\t\t<h2 class=\"title-anim\">\r\n\t\t\tTengili\u00f0auppl\u00fdsingar:\t\t<\/h2>\r\n\t<\/div>\r\n\r\n\t\r\n             \r\n\t\t\t\t\t\t<\/div>\n\t\t\t\t<\/div>\n\t\t\t\t<div class=\"elementor-element elementor-element-1d5337b elementor-widget elementor-widget-text-editor\" data-id=\"1d5337b\" data-element_type=\"widget\" data-widget_type=\"text-editor.default\">\n\t\t\t\t<div class=\"elementor-widget-container\">\n\t\t\t\t\t\t\t\t\t<h4>Dr. Ali Ganiyusufo\u011flu<\/h4><h4><strong>Verkefnastj\u00f3ri<\/strong><\/h4>\t\t\t\t\t\t\t\t<\/div>\n\t\t\t\t<\/div>\n\t\t\t\t<div class=\"elementor-element elementor-element-91f3d17 elementor-position-left elementor-vertical-align-middle elementor-mobile-position-left elementor-view-default elementor-widget elementor-widget-icon-box\" data-id=\"91f3d17\" data-element_type=\"widget\" data-widget_type=\"icon-box.default\">\n\t\t\t\t<div class=\"elementor-widget-container\">\n\t\t\t\t\t\t\t<div class=\"elementor-icon-box-wrapper\">\n\n\t\t\t\t\t\t<div class=\"elementor-icon-box-icon\">\n\t\t\t\t<a href=\"tel:+23645689622\" class=\"elementor-icon\" tabindex=\"-1\" aria-label=\"Hringdu til a\u00f0 f\u00e1 fyrirspurn\">\n\t\t\t\t<i aria-hidden=\"true\" class=\" flaticon-phone-call\"><\/i>\t\t\t\t<\/a>\n\t\t\t<\/div>\n\t\t\t\n\t\t\t\t\t\t<div class=\"elementor-icon-box-content\">\n\n\t\t\t\t\t\t\t\t\t<h3 class=\"elementor-icon-box-title\">\n\t\t\t\t\t\t<a href=\"tel:+23645689622\" >\n\t\t\t\t\t\t\tHringdu til a\u00f0 f\u00e1 fyrirspurn\t\t\t\t\t\t<\/a>\n\t\t\t\t\t<\/h3>\n\t\t\t\t\n\t\t\t\t\t\t\t\t\t<p class=\"elementor-icon-box-description\">\n\t\t\t\t\t\t+90 0332 556 1001 \u2013 5313\t\t\t\t\t<\/p>\n\t\t\t\t\n\t\t\t<\/div>\n\t\t\t\n\t\t<\/div>\n\t\t\t\t\t\t<\/div>\n\t\t\t\t<\/div>\n\t\t\t\t<div class=\"elementor-element elementor-element-3497f97 elementor-position-left elementor-vertical-align-middle elementor-mobile-position-left elementor-view-default elementor-widget elementor-widget-icon-box\" data-id=\"3497f97\" data-element_type=\"widget\" data-widget_type=\"icon-box.default\">\n\t\t\t\t<div class=\"elementor-widget-container\">\n\t\t\t\t\t\t\t<div class=\"elementor-icon-box-wrapper\">\n\n\t\t\t\t\t\t<div class=\"elementor-icon-box-icon\">\n\t\t\t\t<a href=\"mailto:info@example.com\" class=\"elementor-icon\" tabindex=\"-1\" aria-label=\"Senda okkur t\u00f6lvup\u00f3st\">\n\t\t\t\t<i aria-hidden=\"true\" class=\" flaticon-email\"><\/i>\t\t\t\t<\/a>\n\t\t\t<\/div>\n\t\t\t\n\t\t\t\t\t\t<div class=\"elementor-icon-box-content\">\n\n\t\t\t\t\t\t\t\t\t<h3 class=\"elementor-icon-box-title\">\n\t\t\t\t\t\t<a href=\"mailto:info@example.com\" >\n\t\t\t\t\t\t\tSenda okkur t\u00f6lvup\u00f3st\t\t\t\t\t\t<\/a>\n\t\t\t\t\t<\/h3>\n\t\t\t\t\n\t\t\t\t\t\t\t\t\t<p class=\"elementor-icon-box-description\">\n\t\t\t\t\t\tganiyusufoglu@selcuk.edu.tr\t\t\t\t\t<\/p>\n\t\t\t\t\n\t\t\t<\/div>\n\t\t\t\n\t\t<\/div>\n\t\t\t\t\t\t<\/div>\n\t\t\t\t<\/div>\n\t\t\t\t<div class=\"elementor-element elementor-element-c09f86b elementor-widget elementor-widget-image\" data-id=\"c09f86b\" data-element_type=\"widget\" data-widget_type=\"image.default\">\n\t\t\t\t<div class=\"elementor-widget-container\">\n\t\t\t\t\t\t\t\t\t\t\t\t\t\t\t<img fetchpriority=\"high\" decoding=\"async\" width=\"550\" height=\"195\" src=\"https:\/\/youngreenteco.com\/wp-content\/uploads\/2024\/09\/contact-1.jpg\" class=\"attachment-large size-large wp-image-2616\" alt=\"\" srcset=\"https:\/\/youngreenteco.com\/wp-content\/uploads\/2024\/09\/contact-1.jpg 550w, https:\/\/youngreenteco.com\/wp-content\/uploads\/2024\/09\/contact-1-300x106.jpg 300w\" sizes=\"(max-width: 550px) 100vw, 550px\" \/>\t\t\t\t\t\t\t\t\t\t\t\t\t\t\t<\/div>\n\t\t\t\t<\/div>\n\t\t\t\t<\/div>\n\t\t<div class=\"elementor-element elementor-element-923162f e-con-full e-flex e-con e-child\" data-id=\"923162f\" data-element_type=\"container\">\n\t\t\t\t<div class=\"elementor-element elementor-element-bbbb8fe elementor-widget elementor-widget-visaland-contact-form-widget\" data-id=\"bbbb8fe\" data-element_type=\"widget\" data-widget_type=\"visaland-contact-form-widget.default\">\n\t\t\t\t<div class=\"elementor-widget-container\">\n\t\t\t\t\t\r\n\r\n\r\n\t\t<div class=\"contact-box\">\r\n\t\t\t<div class=\"contact-title\">\r\n\t\t\t\t<h3 class=\"wow fadeInUp\" data-wow-delay=\".3s\">Fylli\u00f0 \u00fat ey\u00f0ubla\u00f0i\u00f0<\/h3>\r\n\t\t\t\t<p class=\"wow fadeInUp\" data-wow-delay=\".5s\">Netfangi\u00f0 \u00feitt ver\u00f0ur ekki birt. Skyldureitir eru merktir me\u00f0 *<\/p>\r\n\t\t\t<\/div>\r\n\t\t\t<div class=\"contact-form-items\">\r\n\t\t\t\t<p class=\"wpcf7-contact-form-not-found\"><strong>Error:<\/strong> Contact form not found.<\/p>\t\t\t<\/div>\r\n\t\t<\/div>\r\n\r\n\t\r\n\r\n             \r\n\t\t\t\t\t\t<\/div>\n\t\t\t\t<\/div>\n\t\t\t\t<\/div>\n\t\t\t\t\t<\/div>\n\t\t\t\t<\/div>\n\t\t<div class=\"elementor-element elementor-element-2f06aa5 e-con-full e-flex e-con e-parent\" data-id=\"2f06aa5\" data-element_type=\"container\">\n\t\t\t\t<div class=\"elementor-element elementor-element-aea5d54 elementor-widget elementor-widget-google_maps\" data-id=\"aea5d54\" data-element_type=\"widget\" data-widget_type=\"google_maps.default\">\n\t\t\t\t<div class=\"elementor-widget-container\">\n\t\t\t\t\t\t\t<div class=\"elementor-custom-embed\">\n\t\t\t<iframe loading=\"lazy\"\n\t\t\t\t\tsrc=\"https:\/\/maps.google.com\/maps?q=Selcuk%20University&#038;t=m&#038;z=10&#038;output=embed&#038;iwloc=near\"\n\t\t\t\t\ttitle=\"Selcuk University\"\n\t\t\t\t\taria-label=\"Selcuk University\"\n\t\t\t><\/iframe>\n\t\t<\/div>\n\t\t\t\t\t\t<\/div>\n\t\t\t\t<\/div>\n\t\t\t\t<\/div>\n\t\t\t\t<\/div>\n\t\t","protected":false},"excerpt":{"rendered":"<p>Verkefnastj\u00f3ri Tengili\u00f0auppl\u00fdsingar: Dr. Ali Ganiyusufo\u011flu Verkefnastj\u00f3ri Hringdu til a\u00f0 f\u00e1 fyrirspurn +90 0332 556 1001 \u2013 5313 Senda okkur t\u00f6lvup\u00f3st ganiyusufoglu@selcuk.edu.tr Fylli\u00f0 \u00fat ey\u00f0ubla\u00f0i\u00f0 Netfangi\u00f0 \u00feitt ver\u00f0ur ekki birt. Skyldureitir eru merktir me\u00f0 * Send Us Messages<\/p>\n","protected":false},"author":1,"featured_media":0,"parent":0,"menu_order":0,"comment_status":"closed","ping_status":"closed","template":"elementor_header_footer","meta":{"inline_featured_image":false,"footnotes":""},"class_list":["post-2672","page","type-page","status-publish","hentry"],"_links":{"self":[{"href":"https:\/\/youngreenteco.com\/is\/wp-json\/wp\/v2\/pages\/2672","targetHints":{"allow":["GET"]}}],"collection":[{"href":"https:\/\/youngreenteco.com\/is\/wp-json\/wp\/v2\/pages"}],"about":[{"href":"https:\/\/youngreenteco.com\/is\/wp-json\/wp\/v2\/types\/page"}],"author":[{"embeddable":true,"href":"https:\/\/youngreenteco.com\/is\/wp-json\/wp\/v2\/users\/1"}],"replies":[{"embeddable":true,"href":"https:\/\/youngreenteco.com\/is\/wp-json\/wp\/v2\/comments?post=2672"}],"version-history":[{"count":4,"href":"https:\/\/youngreenteco.com\/is\/wp-json\/wp\/v2\/pages\/2672\/revisions"}],"predecessor-version":[{"id":2917,"href":"https:\/\/youngreenteco.com\/is\/wp-json\/wp\/v2\/pages\/2672\/revisions\/2917"}],"wp:attachment":[{"href":"https:\/\/youngreenteco.com\/is\/wp-json\/wp\/v2\/media?parent=2672"}],"curies":[{"name":"wp","href":"https:\/\/api.w.org\/{rel}","templated":true}]}}