{"id":2695,"date":"2025-04-29T21:14:44","date_gmt":"2025-04-29T21:14:44","guid":{"rendered":"https:\/\/youngreenteco.com\/namskrar-okkar\/"},"modified":"2025-04-29T21:14:44","modified_gmt":"2025-04-29T21:14:44","slug":"namskrar-okkar","status":"publish","type":"page","link":"https:\/\/youngreenteco.com\/is\/namskrar-okkar\/","title":{"rendered":"N\u00e1mskr\u00e1r okkar"},"content":{"rendered":"<div id=\"content\" class=\"site-content\">\n<section class=\"dt-py-default\">\n<div class=\"dt-container\">\n<div class=\"dt-row dt-g-5\">\n<div class=\"dt-col-lg-12 dt-col-md-12 dt-col-12 wow fadeInUp\">\n<p class=\"has-medium-font-size\">\u00dej\u00e1lfunar\u00fej\u00f3nusta fyrir gr\u00e6na frumkv\u00f6\u00f0lastarfsemi (WP2) innan verkefnisins \u201eUng gr\u00e6n frumkv\u00f6\u00f0lastarfsemi vistkerfisins\u201c er h\u00f6nnu\u00f0 til a\u00f0 br\u00faa br\u00fdn ey\u00f0ur \u00ed t\u00e6knilegri og fj\u00e1rhagslegri \u00feekkingu ungra gr\u00e6nna frumkv\u00f6\u00f0la. \u00deessi vinnupakki er nau\u00f0synlegur til a\u00f0 hl\u00faa a\u00f0 n\u00fdrri kynsl\u00f3\u00f0 frumkv\u00f6\u00f0la sem eru ekki a\u00f0eins me\u00f0vita\u00f0ir um umhverfis\u00e1skoranirnar heldur einnig b\u00fanir til a\u00f0 byggja upp og vi\u00f0halda fyrirt\u00e6kjum sem leggja j\u00e1kv\u00e6tt af m\u00f6rkum til gr\u00e6na hagkerfisins.<\/p>\n<p class=\"has-medium-font-size\">WP2 leggur \u00e1herslu \u00e1 a\u00f0 \u00fer\u00f3a og framkv\u00e6ma fj\u00f3rar s\u00e9rh\u00e6f\u00f0ar \u00fej\u00e1lfunareiningar, hver um sig sni\u00f0nar a\u00f0 \u00e1kve\u00f0num \u00fe\u00e6tti gr\u00e6ns frumkv\u00f6\u00f0lastarfs:<\/p>\n<p class=\"has-medium-font-size\"><strong>N\u00e1mskr\u00e1 \u00ed gr\u00e6nni frumkv\u00f6\u00f0lastarfsemi<\/strong> : \u00deessi eining veitir alhli\u00f0a grunn fyrir metna\u00f0arfulla gr\u00e6na frumkv\u00f6\u00f0la. \u00dea\u00f0 fjallar um mikilv\u00e6g efni eins og sj\u00e1lfb\u00e6r vi\u00f0skiptam\u00f3del, umhverfisv\u00e6na v\u00f6ru\u00fer\u00f3un og meginreglur hringr\u00e1sarhagkerfis. \u00cd n\u00e1mskr\u00e1nni er l\u00f6g\u00f0 \u00e1hersla \u00e1 mikilv\u00e6gi \u00feess a\u00f0 sam\u00fe\u00e6tta umhverfissj\u00f3narmi\u00f0 \u00ed kjarnastarfsemi fyrirt\u00e6kisins, tryggja a\u00f0 n\u00fd fyrirt\u00e6ki geti dafna\u00f0 og l\u00e1gmarka\u00f0 vistfr\u00e6\u00f0ilegt f\u00f3tspor sitt. \u00de\u00e1tttakendur munu l\u00e6ra a\u00f0 bera kennsl \u00e1 t\u00e6kif\u00e6ri \u00e1 gr\u00e6num marka\u00f0i, rata \u00ed gegnum regluger\u00f0arumhverfi og n\u00fdta gr\u00e6na t\u00e6kni til a\u00f0 skapa n\u00fdjungar og a\u00f0greina v\u00f6rur og \u00fej\u00f3nustu s\u00edna.<\/p>\n<p class=\"has-medium-font-size\"><strong>N\u00e1mskr\u00e1 fyrir gr\u00e6na lei\u00f0beinendur<\/strong> : \u00deessi eining vi\u00f0urkennir mikilv\u00e6gi lei\u00f0beininga \u00ed velgengni frumkv\u00f6\u00f0la og mi\u00f0ar a\u00f0 \u00fev\u00ed a\u00f0 r\u00e6kta net \u00feekkingarmikilla og reyndra gr\u00e6nna lei\u00f0beinenda. \u00deessir lei\u00f0beinendur ver\u00f0a \u00fej\u00e1lfa\u00f0ir til a\u00f0 lei\u00f0beina ungum frumkv\u00f6\u00f0lum \u00ed gegnum fl\u00e6kjustig \u00feess a\u00f0 stofna og st\u00e6kka gr\u00e6n fyrirt\u00e6ki. N\u00e1mskr\u00e1in inniheldur a\u00f0fer\u00f0ir til \u00e1rangursr\u00edkrar lei\u00f0beiningar, me\u00f0 \u00e1herslu \u00e1 a\u00f0 efla sj\u00e1lfb\u00e6rnihugsun, hvetja til seiglu gagnvart \u00e1skorunum og veita hagn\u00fdt r\u00e1\u00f0 um gr\u00e6na vi\u00f0skiptah\u00e6tti. Me\u00f0 \u00fev\u00ed a\u00f0 \u00fatb\u00faa lei\u00f0beinendur me\u00f0 r\u00e9ttu verkf\u00e6runum og \u00feekkingunni tryggir verkefni\u00f0 a\u00f0 ungir frumkv\u00f6\u00f0lar hafi a\u00f0gang a\u00f0 \u00feeim stu\u00f0ningi sem \u00feeir \u00feurfa til a\u00f0 n\u00e1 \u00e1rangri.<\/p>\n<p class=\"has-medium-font-size\"><strong>N\u00e1mskr\u00e1 fyrir gr\u00e6na englafj\u00e1rfesta:<\/strong> A\u00f0gangur a\u00f0 fj\u00e1rm\u00f6gnun er ein af helstu hindrunum fyrir gr\u00e6na frumkv\u00f6\u00f0la, s\u00e9rstaklega \u00e1 fyrstu stigum verkefnis \u00feeirra. \u00deessi eining er h\u00f6nnu\u00f0 til a\u00f0 takast \u00e1 vi\u00f0 \u00feessa \u00e1skorun me\u00f0 \u00fev\u00ed a\u00f0 \u00fej\u00e1lfa hugsanlega englafj\u00e1rfesta \u00ed einst\u00f6kum \u00fe\u00e1ttum fj\u00e1rfestinga \u00ed gr\u00e6num fyrirt\u00e6kjum. N\u00e1mskr\u00e1in fjallar um efni eins og sj\u00e1lfb\u00e6ra fj\u00e1rm\u00e1l, \u00e1h\u00e6ttumat \u00ed gr\u00e6num verkefnum og mat \u00e1 umhverfis-, f\u00e9lagslegum og stj\u00f3rnarh\u00e1ttum (ESG) \u00fe\u00e1ttum \u00ed fj\u00e1rfestingar\u00e1kv\u00f6r\u00f0unum. Me\u00f0 \u00fev\u00ed a\u00f0 fr\u00e6\u00f0a fj\u00e1rfesta um m\u00f6gulega \u00e1v\u00f6xtun og \u00e1hrif gr\u00e6nna fj\u00e1rfestinga mi\u00f0ar verkefni\u00f0 a\u00f0 \u00fev\u00ed a\u00f0 auka frambo\u00f0 \u00e1 fj\u00e1rmagni fyrir sj\u00e1lfb\u00e6r verkefni og hvetja fleiri fj\u00e1rfesta til a\u00f0 sty\u00f0ja gr\u00e6na hagkerfi\u00f0.<\/p>\n<p class=\"has-medium-font-size\"><strong>N\u00e1mskr\u00e1 fyrir gr\u00e6na framlei\u00f0endur:<\/strong> Framlei\u00f0sla gegnir lykilhlutverki \u00ed umbreytingunni yfir \u00ed gr\u00e6nt hagkerfi og \u00feessi eining fjallar um s\u00e9r\u00fearfir gr\u00e6nna framlei\u00f0enda. \u00dea\u00f0 fjallar um bestu starfsvenjur \u00ed sj\u00e1lfb\u00e6rum framlei\u00f0sluferlum, notkun endurn\u00fdjanlegra orkugjafa, a\u00f0fer\u00f0ir til a\u00f0 draga \u00far \u00fargangi og innlei\u00f0ingu gr\u00e6nna vottana og sta\u00f0la. \u00de\u00e1tttakendur munu l\u00e6ra hvernig h\u00e6gt er a\u00f0 umbreyta hef\u00f0bundnum framlei\u00f0sluferlum \u00ed sj\u00e1lfb\u00e6rari, draga \u00far umhverfis\u00e1hrifum og vi\u00f0halda samkeppnish\u00e6fni. N\u00e1mskr\u00e1in kannar einnig \u00e1skoranir og t\u00e6kif\u00e6ri gr\u00e6nnar framlei\u00f0slu \u00ed \u00fdmsum atvinnugreinum og veitir framlei\u00f0endum sem vilja f\u00e6ra sig \u00ed \u00e1tt a\u00f0 sj\u00e1lfb\u00e6rni hagn\u00fdta inns\u00fdn.<\/p>\n<p class=\"has-medium-font-size\">Saman eru \u00feessi \u00fej\u00e1lfunareiningar hanna\u00f0ar til a\u00f0 veita heildr\u00e6na n\u00e1lgun \u00e1 gr\u00e6nt frumkv\u00f6\u00f0lastarf og \u00fatb\u00faa \u00fe\u00e1tttakendur me\u00f0 nau\u00f0synlegri f\u00e6rni og \u00feekkingu til a\u00f0 hleypa af stokkunum og efla fars\u00e6l gr\u00e6n fyrirt\u00e6ki. WP2-\u00e1taki\u00f0 mi\u00f0ar ekki a\u00f0eins a\u00f0 \u00fev\u00ed a\u00f0 sty\u00f0ja einstaka frumkv\u00f6\u00f0la heldur einnig a\u00f0 stu\u00f0la a\u00f0 v\u00ed\u00f0t\u00e6kara markmi\u00f0i um a\u00f0 byggja upp seiglulegt og sj\u00e1lfb\u00e6rt gr\u00e6nt hagkerfi, \u00ed samr\u00e6mi vi\u00f0 al\u00fej\u00f3\u00f0leg markmi\u00f0 um sj\u00e1lfb\u00e6rni og Gr\u00e6na samkomulag Evr\u00f3pu.<\/p>\n<\/div>\n<\/div>\n<\/div>\n<\/section>\n<\/div>\n","protected":false},"excerpt":{"rendered":"<p>\u00dej\u00e1lfunar\u00fej\u00f3nusta fyrir gr\u00e6na frumkv\u00f6\u00f0lastarfsemi (WP2) innan verkefnisins \u201eUng gr\u00e6n frumkv\u00f6\u00f0lastarfsemi vistkerfisins\u201c er h\u00f6nnu\u00f0 til a\u00f0 br\u00faa br\u00fdn ey\u00f0ur \u00ed t\u00e6knilegri og fj\u00e1rhagslegri \u00feekkingu ungra gr\u00e6nna frumkv\u00f6\u00f0la. \u00deessi vinnupakki er nau\u00f0synlegur til a\u00f0 hl\u00faa a\u00f0 n\u00fdrri kynsl\u00f3\u00f0 frumkv\u00f6\u00f0la sem eru ekki a\u00f0eins me\u00f0vita\u00f0ir um umhverfis\u00e1skoranirnar heldur einnig b\u00fanir til a\u00f0 byggja upp og vi\u00f0halda fyrirt\u00e6kjum sem<\/p>\n","protected":false},"author":1,"featured_media":0,"parent":0,"menu_order":0,"comment_status":"closed","ping_status":"closed","template":"","meta":{"inline_featured_image":false,"footnotes":""},"class_list":["post-2695","page","type-page","status-publish","hentry"],"_links":{"self":[{"href":"https:\/\/youngreenteco.com\/is\/wp-json\/wp\/v2\/pages\/2695","targetHints":{"allow":["GET"]}}],"collection":[{"href":"https:\/\/youngreenteco.com\/is\/wp-json\/wp\/v2\/pages"}],"about":[{"href":"https:\/\/youngreenteco.com\/is\/wp-json\/wp\/v2\/types\/page"}],"author":[{"embeddable":true,"href":"https:\/\/youngreenteco.com\/is\/wp-json\/wp\/v2\/users\/1"}],"replies":[{"embeddable":true,"href":"https:\/\/youngreenteco.com\/is\/wp-json\/wp\/v2\/comments?post=2695"}],"version-history":[{"count":0,"href":"https:\/\/youngreenteco.com\/is\/wp-json\/wp\/v2\/pages\/2695\/revisions"}],"wp:attachment":[{"href":"https:\/\/youngreenteco.com\/is\/wp-json\/wp\/v2\/media?parent=2695"}],"curies":[{"name":"wp","href":"https:\/\/api.w.org\/{rel}","templated":true}]}}