{"id":2712,"date":"2025-04-28T18:49:30","date_gmt":"2025-04-28T18:49:30","guid":{"rendered":"https:\/\/youngreenteco.com\/personuverndarstefna\/"},"modified":"2025-04-30T18:08:36","modified_gmt":"2025-04-30T18:08:36","slug":"personuverndarstefna","status":"publish","type":"page","link":"https:\/\/youngreenteco.com\/is\/personuverndarstefna\/","title":{"rendered":"Pers\u00f3nuverndarstefna"},"content":{"rendered":"\n<h2 class=\"wp-block-heading\">Hverjir vi\u00f0 erum<\/h2>\n\n<p><strong class=\"privacy-policy-tutorial\">Till\u00f6gur a\u00f0 texta:<\/strong> Vefsl\u00f3\u00f0 okkar er: https:\/\/youngreenteco.com.<\/p>\n\n<h2 class=\"wp-block-heading\">Athugasemdir<\/h2>\n\n<p><strong class=\"privacy-policy-tutorial\">Till\u00f6gur a\u00f0 texta:<\/strong> \u00deegar gestir skilja eftir athugasemdir \u00e1 s\u00ed\u00f0unni s\u00f6fnum vi\u00f0 g\u00f6gnunum sem birtast \u00ed athugasemdarey\u00f0ubla\u00f0inu, og einnig IP-t\u00f6lu gestsins og notendavi\u00f0m\u00f3ti vafrans til a\u00f0 hj\u00e1lpa til vi\u00f0 a\u00f0 greina ruslp\u00f3st.<\/p>\n\n<p>Nafnlaus strengur b\u00fainn til \u00far netfanginu \u00fe\u00ednu (einnig kalla\u00f0ur kj\u00f6tk\u00e1ssa) g\u00e6ti veri\u00f0 sendur til Gravatar \u00fej\u00f3nustunnar til a\u00f0 sj\u00e1 hvort \u00fe\u00fa notir hana. Pers\u00f3nuverndarstefna Gravatar \u00fej\u00f3nustunnar er a\u00f0gengileg h\u00e9r: https:\/\/automattic.com\/privacy\/. Eftir a\u00f0 athugasemd \u00fe\u00edn hefur veri\u00f0 sam\u00feykkt er pr\u00f3f\u00edlmyndin \u00fe\u00edn s\u00fdnileg almenningi \u00ed samhengi vi\u00f0 athugasemdina. <\/p>\n\n<h2 class=\"wp-block-heading\">Fj\u00f6lmi\u00f0lar<\/h2>\n\n<p><strong class=\"privacy-policy-tutorial\">R\u00e1\u00f0lag\u00f0ur texti:<\/strong> Ef \u00fe\u00fa hle\u00f0ur upp myndum \u00e1 vefs\u00ed\u00f0una \u00e6ttir\u00f0u a\u00f0 for\u00f0ast a\u00f0 hla\u00f0a upp myndum me\u00f0 innbygg\u00f0um sta\u00f0setningarg\u00f6gnum (EXIF GPS). Gestir vefs\u00ed\u00f0unnar geta s\u00f3tt og s\u00f3tt sta\u00f0setningarg\u00f6gn \u00far myndum \u00e1 vefs\u00ed\u00f0unni. <\/p>\n\n<h2 class=\"wp-block-heading\">Sm\u00e1k\u00f6kur<\/h2>\n\n<p><strong class=\"privacy-policy-tutorial\">Till\u00f6gur a\u00f0 texta:<\/strong> Ef \u00fe\u00fa skilur eftir athugasemd \u00e1 s\u00ed\u00f0unni okkar getur \u00fe\u00fa vali\u00f0 a\u00f0 vista nafn \u00feitt, netfang og vefs\u00ed\u00f0u \u00ed vafrak\u00f6kum. \u00deetta er til \u00fe\u00e6ginda fyrir \u00feig svo \u00fe\u00fa \u00feurfir ekki a\u00f0 fylla \u00fat uppl\u00fdsingar \u00fe\u00ednar aftur \u00feegar \u00fe\u00fa skilur eftir a\u00f0ra athugasemd. \u00deessar vafrak\u00f6kur endast \u00ed eitt \u00e1r.  <\/p>\n\n<p>Ef \u00fe\u00fa heims\u00e6kir innskr\u00e1ningars\u00ed\u00f0u okkar munum vi\u00f0 setja t\u00edmabundna vafrak\u00f6ku til a\u00f0 \u00e1kvar\u00f0a hvort vafrinn \u00feinn sam\u00feykkir vafrak\u00f6kur. \u00deessi vafrak\u00f6ku inniheldur engar pers\u00f3nuuppl\u00fdsingar og er farga\u00f0 \u00feegar \u00fe\u00fa lokar vafranum. <\/p>\n\n<p>\u00deegar \u00fe\u00fa skr\u00e1ir \u00feig inn munum vi\u00f0 einnig setja upp nokkrar vafrak\u00f6kur til a\u00f0 vista innskr\u00e1ningaruppl\u00fdsingar \u00fe\u00ednar og skj\u00e1stillingar. Innskr\u00e1ningarvafrak\u00f6kur endast \u00ed tvo daga og vafrak\u00f6kur fyrir skj\u00e1stillingar \u00ed eitt \u00e1r. Ef \u00fe\u00fa velur \u201eMuna eftir m\u00e9r\u201c mun innskr\u00e1ningin \u00fe\u00edn vera geymd \u00ed tv\u00e6r vikur. Ef \u00fe\u00fa skr\u00e1ir \u00feig \u00fat af reikningnum \u00fe\u00ednum ver\u00f0a innskr\u00e1ningarvafk\u00f6kurnar fjarl\u00e6g\u00f0ar.   <\/p>\n\n<p>Ef \u00fe\u00fa breytir e\u00f0a birtir grein ver\u00f0ur vi\u00f0b\u00f3tarvafrakaka vistu\u00f0 \u00ed vafranum \u00fe\u00ednum. \u00deessi vafrakaka inniheldur engar pers\u00f3nuuppl\u00fdsingar og s\u00fdnir einfaldlega f\u00e6rsluau\u00f0kenni greinarinnar sem \u00fe\u00fa breyttir. H\u00fan rennur \u00fat eftir 1 dag.  <\/p>\n\n<h2 class=\"wp-block-heading\">Innbyggt efni af \u00f6\u00f0rum vefs\u00ed\u00f0um<\/h2>\n\n<p><strong class=\"privacy-policy-tutorial\">Till\u00f6gur a\u00f0 texta:<\/strong> Greinar \u00e1 \u00feessari s\u00ed\u00f0u geta innihaldi\u00f0 innbyggt efni (t.d. myndb\u00f6nd, myndir, greinar o.s.frv.). Innbyggt efni af \u00f6\u00f0rum vefs\u00ed\u00f0um heg\u00f0ar s\u00e9r \u00e1 n\u00e1kv\u00e6mlega sama h\u00e1tt og ef gesturinn hefur heims\u00f3tt hina vefs\u00ed\u00f0una. <\/p>\n\n<p>\u00deessar vefs\u00ed\u00f0ur kunna a\u00f0 safna g\u00f6gnum um \u00feig, nota vafrak\u00f6kur, fella inn vi\u00f0b\u00f3tar m\u00e6lingar fr\u00e1 \u00feri\u00f0ja a\u00f0ila og fylgjast me\u00f0 samskiptum \u00fe\u00ednum vi\u00f0 \u00feetta innbygg\u00f0a efni, \u00fear \u00e1 me\u00f0al a\u00f0 rekja samskipti \u00fe\u00edn vi\u00f0 innbygg\u00f0a efni\u00f0 ef \u00fe\u00fa ert me\u00f0 a\u00f0gang og ert skr\u00e1\u00f0(ur) inn \u00e1 \u00fe\u00e1 vefs\u00ed\u00f0u.<\/p>\n\n<h2 class=\"wp-block-heading\">Me\u00f0 hverjum vi\u00f0 deilum g\u00f6gnum \u00fe\u00ednum<\/h2>\n\n<p><strong class=\"privacy-policy-tutorial\">R\u00e1\u00f0lag\u00f0ur texti:<\/strong> Ef \u00fe\u00fa \u00f3skar eftir endurstillingu lykilor\u00f0s ver\u00f0ur IP-talan \u00fe\u00edn me\u00f0 \u00ed endurstillingart\u00f6lvup\u00f3stinum.<\/p>\n\n<h2 class=\"wp-block-heading\">Hversu lengi vi\u00f0 geymum g\u00f6gnin \u00fe\u00edn<\/h2>\n\n<p><strong class=\"privacy-policy-tutorial\">Till\u00f6gur a\u00f0 texta:<\/strong> Ef \u00fe\u00fa skilur eftir athugasemd eru athugasemdin og l\u00fdsig\u00f6gn hennar geymd um \u00f3\u00e1kve\u00f0inn t\u00edma. \u00deetta er gert til a\u00f0 vi\u00f0 getum greint og sam\u00feykkt allar frekari athugasemdir sj\u00e1lfkrafa \u00ed sta\u00f0 \u00feess a\u00f0 geyma \u00fe\u00e6r \u00ed yfirlitsr\u00f6\u00f0. <\/p>\n\n<p>Fyrir notendur sem skr\u00e1 sig \u00e1 vefs\u00ed\u00f0u okkar (ef einhverjir eru) geymum vi\u00f0 einnig pers\u00f3nuuppl\u00fdsingar sem \u00feeir gefa upp \u00ed notandasni\u00f0i s\u00ednu. Allir notendur geta s\u00e9\u00f0, breytt e\u00f0a eytt pers\u00f3nuuppl\u00fdsingum s\u00ednum hven\u00e6r sem er (nema \u00feeir geti ekki breytt notandanafni s\u00ednu). Vefs\u00ed\u00f0ustj\u00f3rar geta einnig s\u00e9\u00f0 og breytt \u00feessum uppl\u00fdsingum.  <\/p>\n\n<h2 class=\"wp-block-heading\">Hva\u00f0a r\u00e9ttindi hefur \u00fe\u00fa yfir g\u00f6gnunum \u00fe\u00ednum<\/h2>\n\n<p><strong class=\"privacy-policy-tutorial\">Till\u00f6gur a\u00f0 texta:<\/strong> Ef \u00fe\u00fa ert me\u00f0 a\u00f0gang \u00e1 \u00feessari s\u00ed\u00f0u e\u00f0a hefur skili\u00f0 eftir athugasemdir getur\u00f0u \u00f3ska\u00f0 eftir a\u00f0 f\u00e1 \u00fatflutta skr\u00e1 af pers\u00f3nuuppl\u00fdsingum sem vi\u00f0 geymum um \u00feig, \u00fear \u00e1 me\u00f0al \u00f6llum g\u00f6gnum sem \u00fe\u00fa hefur l\u00e1ti\u00f0 okkur \u00ed t\u00e9. \u00de\u00fa getur einnig \u00f3ska\u00f0 eftir a\u00f0 vi\u00f0 ey\u00f0um \u00f6llum pers\u00f3nuuppl\u00fdsingum sem vi\u00f0 geymum um \u00feig. \u00deetta \u00e1 ekki vi\u00f0 um g\u00f6gn sem vi\u00f0 erum skyldug til a\u00f0 geyma \u00ed stj\u00f3rns\u00fdslu-, laga- e\u00f0a \u00f6ryggisskyni.  <\/p>\n\n<h2 class=\"wp-block-heading\">Hvert g\u00f6gnin \u00fe\u00edn eru send<\/h2>\n\n<p><strong class=\"privacy-policy-tutorial\">Till\u00f6gur a\u00f0 texta:<\/strong> Athugasemdir gesta g\u00e6tu veri\u00f0 athuga\u00f0ar me\u00f0 sj\u00e1lfvirkri ruslp\u00f3stsgreiningar\u00fej\u00f3nustu.<\/p>\n","protected":false},"excerpt":{"rendered":"<p>Hverjir vi\u00f0 erum Till\u00f6gur a\u00f0 texta: Vefsl\u00f3\u00f0 okkar er: https:\/\/youngreenteco.com. Athugasemdir Till\u00f6gur a\u00f0 texta: \u00deegar gestir skilja eftir athugasemdir \u00e1 s\u00ed\u00f0unni s\u00f6fnum vi\u00f0 g\u00f6gnunum sem birtast \u00ed athugasemdarey\u00f0ubla\u00f0inu, og einnig IP-t\u00f6lu gestsins og notendavi\u00f0m\u00f3ti vafrans til a\u00f0 hj\u00e1lpa til vi\u00f0 a\u00f0 greina ruslp\u00f3st. Nafnlaus strengur b\u00fainn til \u00far netfanginu \u00fe\u00ednu (einnig kalla\u00f0ur kj\u00f6tk\u00e1ssa) g\u00e6ti veri\u00f0<\/p>\n","protected":false},"author":1,"featured_media":0,"parent":0,"menu_order":0,"comment_status":"closed","ping_status":"closed","template":"","meta":{"inline_featured_image":false,"footnotes":""},"class_list":["post-2712","page","type-page","status-publish","hentry"],"_links":{"self":[{"href":"https:\/\/youngreenteco.com\/is\/wp-json\/wp\/v2\/pages\/2712","targetHints":{"allow":["GET"]}}],"collection":[{"href":"https:\/\/youngreenteco.com\/is\/wp-json\/wp\/v2\/pages"}],"about":[{"href":"https:\/\/youngreenteco.com\/is\/wp-json\/wp\/v2\/types\/page"}],"author":[{"embeddable":true,"href":"https:\/\/youngreenteco.com\/is\/wp-json\/wp\/v2\/users\/1"}],"replies":[{"embeddable":true,"href":"https:\/\/youngreenteco.com\/is\/wp-json\/wp\/v2\/comments?post=2712"}],"version-history":[{"count":1,"href":"https:\/\/youngreenteco.com\/is\/wp-json\/wp\/v2\/pages\/2712\/revisions"}],"predecessor-version":[{"id":2713,"href":"https:\/\/youngreenteco.com\/is\/wp-json\/wp\/v2\/pages\/2712\/revisions\/2713"}],"wp:attachment":[{"href":"https:\/\/youngreenteco.com\/is\/wp-json\/wp\/v2\/media?parent=2712"}],"curies":[{"name":"wp","href":"https:\/\/api.w.org\/{rel}","templated":true}]}}