{"id":2714,"date":"2024-09-24T08:13:54","date_gmt":"2024-09-24T08:13:54","guid":{"rendered":"https:\/\/youngreenteco.com\/um-okkur\/"},"modified":"2025-05-04T08:07:20","modified_gmt":"2025-05-04T08:07:20","slug":"um-okkur","status":"publish","type":"page","link":"https:\/\/youngreenteco.com\/is\/um-okkur\/","title":{"rendered":"Um okkur"},"content":{"rendered":"\t\t<div data-elementor-type=\"wp-page\" data-elementor-id=\"2714\" class=\"elementor elementor-2714 elementor-1209\">\n\t\t\t\t<div class=\"elementor-element elementor-element-6c0213e e-flex e-con-boxed e-con e-parent\" data-id=\"6c0213e\" data-element_type=\"container\">\n\t\t\t\t\t<div class=\"e-con-inner\">\n\t\t<div class=\"elementor-element elementor-element-a99e513 e-con-full e-flex e-con e-child\" data-id=\"a99e513\" data-element_type=\"container\">\n\t\t\t\t<div class=\"elementor-element elementor-element-f373ec6 elementor-widget elementor-widget-visaland-image-styles-widget\" data-id=\"f373ec6\" data-element_type=\"widget\" data-widget_type=\"visaland-image-styles-widget.default\">\n\t\t\t\t<div class=\"elementor-widget-container\">\n\t\t\t\t\t\r\n\t\r\n\r\n\t<div class=\"choose-wrapper\">\r\n\t\t<div class=\"choose-image-items\">\r\n\t\t\t<div class=\"choose-image bg-cover wow fadeInUp\" data-wow-delay=\".3s\" style=\"background-image: url('https:\/\/youngreenteco.com\/wp-content\/uploads\/2024\/09\/05-1.jpg');\"><\/div>\r\n\t\t\t<div class=\"choose-image-2 wow fadeInRight\" data-wow-delay=\".5s\">\r\n\t\t\t\t   \r\n\t\t\t\t\t<img decoding=\"async\" src=\"https:\/\/youngreenteco.com\/wp-content\/uploads\/2024\/09\/03-5.jpg\" alt=\"\"\/>\r\n\t\t\t\t\t\t\t<\/div>\r\n\t\t\t<div class=\"circle-shape\">\r\n\t\t\t\t   \r\n\t\t\t\t\t<img decoding=\"async\" class=\"text-circle\" src=\"https:\/\/youngreenteco.com\/wp-content\/uploads\/2024\/09\/details-4-1.jpg\" alt=\"\"\/>\r\n\t\t\t\t\t\t\t<\/div>\r\n\t\t<\/div>\r\n\t<\/div>\r\n\r\n\t\t\r\n             \r\n\t\t\t\t\t\t<\/div>\n\t\t\t\t<\/div>\n\t\t\t\t<\/div>\n\t\t<div class=\"elementor-element elementor-element-d8c4970 e-con-full e-flex e-con e-child\" data-id=\"d8c4970\" data-element_type=\"container\">\n\t\t\t\t<div class=\"elementor-element elementor-element-a6f4f08 elementor-widget elementor-widget-text-editor\" data-id=\"a6f4f08\" data-element_type=\"widget\" data-widget_type=\"text-editor.default\">\n\t\t\t\t<div class=\"elementor-widget-container\">\n\t\t\t\t\t\t\t\t\t<div class=\"entry-content\">\n<div class=\"elementor elementor-1436\" data-elementor-type=\"wp-page\" data-elementor-id=\"1436\">\n<div class=\"elementor-element elementor-element-8898633 e-flex e-con-boxed e-con e-parent e-lazyloaded\" data-id=\"8898633\" data-element_type=\"container\">\n<div class=\"e-con-inner\">\n<div class=\"elementor-element elementor-element-afb3d4a elementor-widget elementor-widget-text-editor\" data-id=\"afb3d4a\" data-element_type=\"widget\" data-widget_type=\"text-editor.default\">\n<div class=\"elementor-widget-container\">\n<div id=\"content\" class=\"site-content\">\n<section class=\"dt-py-default\">\n<div class=\"dt-container\">\n<div class=\"dt-row dt-g-5\">\n<div class=\"dt-col-lg-12 dt-col-md-12 dt-col-12 wow fadeInUp\" style=\"visibility: visible; animation-name: fadeInUp;\">\n<p style=\"text-align: justify;\">Markmi\u00f0 verkefnisins \u201eUng gr\u00e6n frumkv\u00f6\u00f0lastarfsemi vistkerfisins\u201c eru marg\u00fe\u00e6tt og mi\u00f0a a\u00f0 \u00fev\u00ed a\u00f0 skapa alhli\u00f0a stu\u00f0ningskerfi fyrir unga gr\u00e6na frumkv\u00f6\u00f0la um alla Evr\u00f3pu. \u00cd kjarna verkefnisins er markmi\u00f0i\u00f0 a\u00f0 efla og efla gr\u00e6na frumkv\u00f6\u00f0lastarfsemi me\u00f0al ungs f\u00f3lks me\u00f0 \u00fev\u00ed a\u00f0 veita \u00feeim nau\u00f0synleg verkf\u00e6ri, \u00feekkingu og t\u00e6kif\u00e6ri til a\u00f0 \u00fer\u00f3a og vi\u00f0halda umhverfisv\u00e6num vi\u00f0skiptafyrirt\u00e6kjum. Me\u00f0 \u00fev\u00ed a\u00f0 gera \u00fea\u00f0 hyggst verkefni\u00f0 breg\u00f0ast vi\u00f0 vaxandi eftirspurn eftir sj\u00e1lfb\u00e6rum starfsh\u00e1ttum \u00ed vi\u00f0skiptum og stu\u00f0la a\u00f0 v\u00ed\u00f0t\u00e6kara markmi\u00f0i um a\u00f0 berjast gegn loftslagsbreytingum.  <\/p>\n<p style=\"text-align: justify;\">Eitt af lykilmarkmi\u00f0unum er a\u00f0 bj\u00f3\u00f0a upp \u00e1 n\u00fdst\u00e1rlega og markvissa \u00fej\u00e1lfun sem veitir ungum frumkv\u00f6\u00f0lum \u00fe\u00e1 f\u00e6rni og \u00feekkingu sem \u00feeir \u00feurfa til a\u00f0 n\u00e1 \u00e1rangri \u00ed gr\u00e6nu hagkerfi. \u00deessi \u00fej\u00e1lfun ver\u00f0ur veitt \u00ed gegnum fj\u00f6lbreytt form, \u00fear \u00e1 me\u00f0al netn\u00e1mskei\u00f0, vinnustofur og lei\u00f0beiningar\u00e1\u00e6tlanir, allt hanna\u00f0 til a\u00f0 m\u00e6ta fj\u00f6lbreyttum \u00fe\u00f6rfum og n\u00e1msst\u00edlum ungs f\u00f3lks. N\u00e1mskr\u00e1in mun fjalla um mikilv\u00e6g efni eins og sj\u00e1lfb\u00e6ra vi\u00f0skiptah\u00e6tti, mat \u00e1 umhverfis\u00e1hrifum, gr\u00e6na t\u00e6kni, marka\u00f0sranns\u00f3knir og \u00fer\u00f3un n\u00fdst\u00e1rlegra vi\u00f0skiptam\u00f3dela sem forgangsra\u00f0a sj\u00e1lfb\u00e6rni. Me\u00f0 \u00fev\u00ed a\u00f0 bj\u00f3\u00f0a upp \u00e1 \u00feessa alhli\u00f0a \u00fej\u00e1lfun mi\u00f0ar verkefni\u00f0 a\u00f0 \u00fev\u00ed a\u00f0 styrkja n\u00fdja kynsl\u00f3\u00f0 frumkv\u00f6\u00f0la sem eru sta\u00f0r\u00e1\u00f0nir \u00ed a\u00f0 kn\u00fdja \u00e1fram j\u00e1kv\u00e6\u00f0ar umhverfisbreytingar \u00ed gegnum vi\u00f0skiptaverkefni s\u00edn.   <\/p>\n<p style=\"text-align: justify;\">Auk \u00fej\u00e1lfunar leitast verkefni\u00f0 einnig vi\u00f0 a\u00f0 veita ungum, gr\u00e6num frumkv\u00f6\u00f0lum a\u00f0gang a\u00f0 m\u00f6rku\u00f0um og fj\u00e1rm\u00f6gnunart\u00e6kif\u00e6rum, sem eru oft verulegar hindranir fyrir a\u00f0gang a\u00f0 vi\u00f0skiptal\u00edfinu. Verkefni\u00f0 mun skapa lei\u00f0ir fyrir \u00feessa frumkv\u00f6\u00f0la til a\u00f0 tengjast hugsanlegum fj\u00e1rfestum, \u00fear \u00e1 me\u00f0al englafj\u00e1rfestum sem hafa \u00e1huga \u00e1 a\u00f0 sty\u00f0ja sj\u00e1lfb\u00e6r fyrirt\u00e6ki. Me\u00f0 \u00fev\u00ed a\u00f0 au\u00f0velda \u00feessi tengsl mun verkefni\u00f0 hj\u00e1lpa til vi\u00f0 a\u00f0 br\u00faa bili\u00f0 \u00e1 milli n\u00fdst\u00e1rlegra hugmynda og \u00feeirra \u00farr\u00e6\u00f0a sem \u00fearf til a\u00f0 koma \u00feeim \u00ed framkv\u00e6md. Ennfremur mun verkefni\u00f0 bj\u00f3\u00f0a upp \u00e1 lei\u00f0s\u00f6gn um fl\u00f3ki\u00f0 landslag innlendra og al\u00fej\u00f3\u00f0legra fj\u00e1rm\u00f6gnunarm\u00f6guleika, og tryggja a\u00f0 ungir frumkv\u00f6\u00f0lar s\u00e9u vel b\u00fanir til a\u00f0 tryggja s\u00e9r \u00feann fj\u00e1rhagslegan stu\u00f0ning sem \u00feeir \u00feurfa til a\u00f0 st\u00e6kka fyrirt\u00e6ki s\u00edn.   <\/p>\n<p style=\"text-align: justify;\">Meginmarkmi\u00f0 verkefnisins er a\u00f0 auka vitund um gr\u00e6na frumkv\u00f6\u00f0lastarfsemi me\u00f0al allra hagsmunaa\u00f0ila, \u00fear \u00e1 me\u00f0al framlei\u00f0enda, frumkv\u00f6\u00f0la, lei\u00f0beinenda og fj\u00e1rfesta. Me\u00f0 \u00fev\u00ed a\u00f0 auka vitund mi\u00f0ar verkefni\u00f0 a\u00f0 \u00fev\u00ed a\u00f0 r\u00e6kta v\u00ed\u00f0t\u00e6kari skilning \u00e1 mikilv\u00e6gi og m\u00f6guleikum gr\u00e6nnar frumkv\u00f6\u00f0lastarfsemi til a\u00f0 kn\u00fdja \u00e1fram efnahagsv\u00f6xt og umhverfislega sj\u00e1lfb\u00e6rni. \u00deessi aukna vitund mun ekki a\u00f0eins gagnast ungum frumkv\u00f6\u00f0lum heldur einnig hvetja framlei\u00f0endur til a\u00f0 tileinka s\u00e9r gr\u00e6nni starfsh\u00e6tti, hvetja lei\u00f0beinendur til a\u00f0 sty\u00f0ja sj\u00e1lfb\u00e6r vi\u00f0skiptam\u00f3del og la\u00f0a a\u00f0 fj\u00e1rfesta sem eru a\u00f0 leita a\u00f0 \u00e1hrifamiklum og samf\u00e9lagslega \u00e1byrgum fj\u00e1rfestingart\u00e6kif\u00e6rum.  <\/p>\n<p style=\"text-align: justify;\">Til a\u00f0 n\u00e1 \u00feessum markmi\u00f0um mun verkefni\u00f0 einbeita s\u00e9r a\u00f0 \u00fev\u00ed a\u00f0 skapa l\u00edflegt og kraftmiki\u00f0 vistkerfi sem sameinar alla hagsmunaa\u00f0ila \u00e1 svi\u00f0i gr\u00e6nnar frumkv\u00f6\u00f0lastarfsemi. \u00deetta vistkerfi mun \u00fej\u00f3na sem vettvangur fyrir samskipti, samskipti og samvinnu og au\u00f0velda skipti \u00e1 hugmyndum, \u00farr\u00e6\u00f0um og bestu starfsh\u00e1ttum me\u00f0al frumkv\u00f6\u00f0la, lei\u00f0beinenda, framlei\u00f0enda og fj\u00e1rfesta. Me\u00f0 \u00fev\u00ed a\u00f0 koma \u00e1 f\u00f3t \u00feessu vistkerfi mi\u00f0ar verkefni\u00f0 a\u00f0 \u00fev\u00ed a\u00f0 skapa sty\u00f0jandi umhverfi \u00fear sem ungir gr\u00e6nir frumkv\u00f6\u00f0lar geta dafna\u00f0 og \u00fear sem allir hagsmunaa\u00f0ilar geta unni\u00f0 saman a\u00f0 \u00fev\u00ed a\u00f0 efla sj\u00e1lfb\u00e6rni.  <\/p>\n<p style=\"text-align: justify;\">\u00cd stuttu m\u00e1li eru markmi\u00f0 verkefnisins \u201eUng gr\u00e6n frumkv\u00f6\u00f0lastarfsemi\u201c a\u00f0 hl\u00faa a\u00f0 og efla ung gr\u00e6n frumkv\u00f6\u00f0lastarfsemi me\u00f0 \u00fev\u00ed a\u00f0 veita n\u00fdst\u00e1rlega \u00fej\u00e1lfun, a\u00f0gang a\u00f0 mikilv\u00e6gum \u00farr\u00e6\u00f0um og t\u00e6kif\u00e6ri til samstarfs og stu\u00f0nings. Me\u00f0 \u00fev\u00ed a\u00f0 auka vitund og efla samskipti allra hagsmunaa\u00f0ila mi\u00f0ar verkefni\u00f0 a\u00f0 \u00fev\u00ed a\u00f0 byggja upp \u00f6flugt vistkerfi sem sty\u00f0ur vi\u00f0 \u00fer\u00f3un sj\u00e1lfb\u00e6rra vi\u00f0skipta og stu\u00f0lar a\u00f0 v\u00ed\u00f0t\u00e6kari markmi\u00f0um um umhverfisvernd og efnahagslega seiglu. <\/p>\n<\/div>\n<\/div>\n<\/div>\n<\/section>\n<\/div>\n<\/div>\n<\/div>\n<\/div>\n<\/div>\n<\/div>\n<\/div>\t\t\t\t\t\t\t\t<\/div>\n\t\t\t\t<\/div>\n\t\t\t\t<\/div>\n\t\t\t\t\t<\/div>\n\t\t\t\t<\/div>\n\t\t\t\t<\/div>\n\t\t","protected":false},"excerpt":{"rendered":"<p>Markmi\u00f0 verkefnisins \u201eUng gr\u00e6n frumkv\u00f6\u00f0lastarfsemi vistkerfisins\u201c eru marg\u00fe\u00e6tt og mi\u00f0a a\u00f0 \u00fev\u00ed a\u00f0 skapa alhli\u00f0a stu\u00f0ningskerfi fyrir unga gr\u00e6na frumkv\u00f6\u00f0la um alla Evr\u00f3pu. \u00cd kjarna verkefnisins er markmi\u00f0i\u00f0 a\u00f0 efla og efla gr\u00e6na frumkv\u00f6\u00f0lastarfsemi me\u00f0al ungs f\u00f3lks me\u00f0 \u00fev\u00ed a\u00f0 veita \u00feeim nau\u00f0synleg verkf\u00e6ri, \u00feekkingu og t\u00e6kif\u00e6ri til a\u00f0 \u00fer\u00f3a og vi\u00f0halda umhverfisv\u00e6num vi\u00f0skiptafyrirt\u00e6kjum. Me\u00f0<\/p>\n","protected":false},"author":1,"featured_media":0,"parent":0,"menu_order":0,"comment_status":"closed","ping_status":"closed","template":"elementor_header_footer","meta":{"inline_featured_image":false,"footnotes":""},"class_list":["post-2714","page","type-page","status-publish","hentry"],"_links":{"self":[{"href":"https:\/\/youngreenteco.com\/is\/wp-json\/wp\/v2\/pages\/2714","targetHints":{"allow":["GET"]}}],"collection":[{"href":"https:\/\/youngreenteco.com\/is\/wp-json\/wp\/v2\/pages"}],"about":[{"href":"https:\/\/youngreenteco.com\/is\/wp-json\/wp\/v2\/types\/page"}],"author":[{"embeddable":true,"href":"https:\/\/youngreenteco.com\/is\/wp-json\/wp\/v2\/users\/1"}],"replies":[{"embeddable":true,"href":"https:\/\/youngreenteco.com\/is\/wp-json\/wp\/v2\/comments?post=2714"}],"version-history":[{"count":1,"href":"https:\/\/youngreenteco.com\/is\/wp-json\/wp\/v2\/pages\/2714\/revisions"}],"predecessor-version":[{"id":2715,"href":"https:\/\/youngreenteco.com\/is\/wp-json\/wp\/v2\/pages\/2714\/revisions\/2715"}],"wp:attachment":[{"href":"https:\/\/youngreenteco.com\/is\/wp-json\/wp\/v2\/media?parent=2714"}],"curies":[{"name":"wp","href":"https:\/\/api.w.org\/{rel}","templated":true}]}}