{"id":2698,"date":"2025-04-29T18:04:30","date_gmt":"2025-04-29T18:04:30","guid":{"rendered":"https:\/\/youngreenteco.com\/risultati-attesi\/"},"modified":"2025-04-30T18:08:18","modified_gmt":"2025-04-30T18:08:18","slug":"risultati-attesi","status":"publish","type":"page","link":"https:\/\/youngreenteco.com\/it\/risultati-attesi\/","title":{"rendered":"Risultati attesi"},"content":{"rendered":"\t\t<div data-elementor-type=\"wp-page\" data-elementor-id=\"2698\" class=\"elementor elementor-2698 elementor-1469\">\n\t\t\t\t<div class=\"elementor-element elementor-element-ce1df53 e-flex e-con-boxed e-con e-parent\" data-id=\"ce1df53\" data-element_type=\"container\">\n\t\t\t\t\t<div class=\"e-con-inner\">\n\t\t\t\t<div class=\"elementor-element elementor-element-6fbd9e2 elementor-widget elementor-widget-text-editor\" data-id=\"6fbd9e2\" data-element_type=\"widget\" data-widget_type=\"text-editor.default\">\n\t\t\t\t<div class=\"elementor-widget-container\">\n\t\t\t\t\t\t\t\t\t<div id=\"content\" class=\"site-content\"><section class=\"dt-py-default\"><div class=\"dt-container\"><div class=\"dt-row dt-g-5\"><div class=\"dt-col-lg-12 dt-col-md-12 dt-col-12 wow fadeInUp\" style=\"visibility: visible; animation-name: fadeInUp;\"><p style=\"text-align: justify;\">Il progetto \"Young Green Entrepreneurship Ecosystem\" \u00e8 stato concepito per raggiungere diversi risultati critici che avranno un impatto duraturo sullo sviluppo dell&#8217;imprenditoria verde tra i giovani di tutta Europa.<\/p><p style=\"text-align: justify;\">Uno dei principali risultati attesi \u00e8 un aumento significativo della consapevolezza e della comprensione dell&#8217;imprenditorialit\u00e0 verde tra i giovani e gli altri soggetti interessati. Attraverso lo sviluppo di moduli di formazione convalidati e completi, questo progetto fornir\u00e0 ai giovani imprenditori le conoscenze e le competenze necessarie per avviare e sostenere imprese verdi. Questi moduli formativi tratteranno argomenti essenziali come le pratiche commerciali sostenibili, l&#8217;impatto ambientale, l&#8217;analisi di mercato e l&#8217;innovazione nella green economy. Fornendo contenuti educativi accessibili e di alta qualit\u00e0, il progetto mira a colmare il divario di conoscenze attualmente esistente in materia di imprenditoria verde, rendendola pi\u00f9 accessibile e raggiungibile per i giovani che potrebbero non aver avuto un&#8217;esposizione precedente a questo settore.<\/p><p style=\"text-align: justify;\">Oltre ai moduli di formazione, la creazione di una piattaforma virtuale di ecosistema imprenditoriale verde \u00e8 una componente chiave del progetto. Questa piattaforma funger\u00e0 da hub centralizzato in cui giovani imprenditori, educatori, mentori, investitori e altri soggetti interessati potranno accedere a un&#8217;ampia gamma di risorse e di strumenti dedicati all&#8217;imprenditoria verde. La piattaforma offrir\u00e0 un ricco archivio di informazioni, tra cui casi di studio, strumenti di pianificazione aziendale, dati di mercato e opportunit\u00e0 di networking, il tutto pensato per sostenere la crescita e lo sviluppo delle imprese verdi. Facilitando l&#8217;accesso a queste risorse, la piattaforma consentir\u00e0 ai giovani di compiere passi informati e sicuri verso l&#8217;avvio delle proprie imprese verdi.<\/p><p style=\"text-align: justify;\">Inoltre, il progetto mira ad aumentare in modo significativo la partecipazione dei giovani alle attivit\u00e0 di imprenditoria verde e sociale. Fornendo un supporto e una formazione mirati, il progetto incoragger\u00e0 un maggior numero di giovani a impegnarsi nell&#8217;imprenditoria, non solo come mezzo di sviluppo personale e di crescita professionale, ma anche come modo per contribuire a obiettivi sociali e ambientali pi\u00f9 ampi. L&#8217;attenzione all&#8217;imprenditoria sociale garantisce che le iniziative sviluppate attraverso questo progetto non solo saranno economicamente valide, ma affronteranno anche le sfide sociali e ambientali pi\u00f9 urgenti, creando cos\u00ec effetti a catena positivi nelle comunit\u00e0 che serviranno.<\/p><p style=\"text-align: justify;\">Un aspetto fondamentale del progetto \u00e8 il rafforzamento dei partenariati e della cooperazione tra le organizzazioni partecipanti. Promuovendo la collaborazione tra i vari soggetti interessati, tra cui istituzioni educative, partner industriali, organizzazioni non governative e autorit\u00e0 pubbliche, il progetto creer\u00e0 una solida rete che sosterr\u00e0 il continuo sviluppo dell&#8217;imprenditoria verde. Questi partenariati faciliteranno la condivisione delle migliori pratiche, la messa in comune delle risorse e la co-creazione di soluzioni innovative alle sfide affrontate dai giovani imprenditori verdi.<\/p><p style=\"text-align: justify;\">In definitiva, il progetto \"Young Green Entrepreneurship Ecosystem\" contribuir\u00e0 alla creazione di un ecosistema fiorente in cui i giovani imprenditori non solo sono dotati delle competenze e delle conoscenze necessarie per avere successo, ma sono anche supportati da una rete collaborativa di stakeholder impegnati a promuovere la sostenibilit\u00e0 e la responsabilit\u00e0 sociale. I risultati del progetto avranno un impatto duraturo, favorendo la crescita dell&#8217;imprenditoria verde in Europa e contribuendo a costruire un&#8217;economia pi\u00f9 sostenibile e inclusiva per le generazioni future.<\/p><\/div><\/div><\/div><\/section><\/div>\t\t\t\t\t\t\t\t<\/div>\n\t\t\t\t<\/div>\n\t\t\t\t\t<\/div>\n\t\t\t\t<\/div>\n\t\t\t\t<\/div>\n\t\t","protected":false},"excerpt":{"rendered":"<p>Il progetto \"Young Green Entrepreneurship Ecosystem\" \u00e8 stato concepito per raggiungere diversi risultati critici che avranno un impatto duraturo sullo sviluppo dell&#8217;imprenditoria verde tra i giovani di tutta Europa. Uno dei principali risultati attesi \u00e8 un aumento significativo della consapevolezza e della comprensione dell&#8217;imprenditorialit\u00e0 verde tra i giovani e gli altri soggetti interessati. Attraverso lo<\/p>\n","protected":false},"author":1,"featured_media":0,"parent":0,"menu_order":0,"comment_status":"closed","ping_status":"closed","template":"","meta":{"inline_featured_image":false,"footnotes":""},"class_list":["post-2698","page","type-page","status-publish","hentry"],"_links":{"self":[{"href":"https:\/\/youngreenteco.com\/it\/wp-json\/wp\/v2\/pages\/2698","targetHints":{"allow":["GET"]}}],"collection":[{"href":"https:\/\/youngreenteco.com\/it\/wp-json\/wp\/v2\/pages"}],"about":[{"href":"https:\/\/youngreenteco.com\/it\/wp-json\/wp\/v2\/types\/page"}],"author":[{"embeddable":true,"href":"https:\/\/youngreenteco.com\/it\/wp-json\/wp\/v2\/users\/1"}],"replies":[{"embeddable":true,"href":"https:\/\/youngreenteco.com\/it\/wp-json\/wp\/v2\/comments?post=2698"}],"version-history":[{"count":1,"href":"https:\/\/youngreenteco.com\/it\/wp-json\/wp\/v2\/pages\/2698\/revisions"}],"predecessor-version":[{"id":2699,"href":"https:\/\/youngreenteco.com\/it\/wp-json\/wp\/v2\/pages\/2698\/revisions\/2699"}],"wp:attachment":[{"href":"https:\/\/youngreenteco.com\/it\/wp-json\/wp\/v2\/media?parent=2698"}],"curies":[{"name":"wp","href":"https:\/\/api.w.org\/{rel}","templated":true}]}}