{"id":2710,"date":"2024-09-24T08:13:54","date_gmt":"2024-09-24T08:13:54","guid":{"rendered":"https:\/\/youngreenteco.com\/chi-siamo\/"},"modified":"2025-05-04T08:07:20","modified_gmt":"2025-05-04T08:07:20","slug":"chi-siamo","status":"publish","type":"page","link":"https:\/\/youngreenteco.com\/it\/chi-siamo\/","title":{"rendered":"Chi siamo"},"content":{"rendered":"\t\t<div data-elementor-type=\"wp-page\" data-elementor-id=\"2710\" class=\"elementor elementor-2710 elementor-1209\">\n\t\t\t\t<div class=\"elementor-element elementor-element-6c0213e e-flex e-con-boxed e-con e-parent\" data-id=\"6c0213e\" data-element_type=\"container\">\n\t\t\t\t\t<div class=\"e-con-inner\">\n\t\t<div class=\"elementor-element elementor-element-a99e513 e-con-full e-flex e-con e-child\" data-id=\"a99e513\" data-element_type=\"container\">\n\t\t\t\t<div class=\"elementor-element elementor-element-f373ec6 elementor-widget elementor-widget-visaland-image-styles-widget\" data-id=\"f373ec6\" data-element_type=\"widget\" data-widget_type=\"visaland-image-styles-widget.default\">\n\t\t\t\t<div class=\"elementor-widget-container\">\n\t\t\t\t\t\r\n\t\r\n\r\n\t<div class=\"choose-wrapper\">\r\n\t\t<div class=\"choose-image-items\">\r\n\t\t\t<div class=\"choose-image bg-cover wow fadeInUp\" data-wow-delay=\".3s\" style=\"background-image: url('https:\/\/youngreenteco.com\/wp-content\/uploads\/2024\/09\/05-1.jpg');\"><\/div>\r\n\t\t\t<div class=\"choose-image-2 wow fadeInRight\" data-wow-delay=\".5s\">\r\n\t\t\t\t   \r\n\t\t\t\t\t<img decoding=\"async\" src=\"https:\/\/youngreenteco.com\/wp-content\/uploads\/2024\/09\/03-5.jpg\" alt=\"\"\/>\r\n\t\t\t\t\t\t\t<\/div>\r\n\t\t\t<div class=\"circle-shape\">\r\n\t\t\t\t   \r\n\t\t\t\t\t<img decoding=\"async\" class=\"text-circle\" src=\"https:\/\/youngreenteco.com\/wp-content\/uploads\/2024\/09\/details-4-1.jpg\" alt=\"\"\/>\r\n\t\t\t\t\t\t\t<\/div>\r\n\t\t<\/div>\r\n\t<\/div>\r\n\r\n\t\t\r\n             \r\n\t\t\t\t\t\t<\/div>\n\t\t\t\t<\/div>\n\t\t\t\t<\/div>\n\t\t<div class=\"elementor-element elementor-element-d8c4970 e-con-full e-flex e-con e-child\" data-id=\"d8c4970\" data-element_type=\"container\">\n\t\t\t\t<div class=\"elementor-element elementor-element-a6f4f08 elementor-widget elementor-widget-text-editor\" data-id=\"a6f4f08\" data-element_type=\"widget\" data-widget_type=\"text-editor.default\">\n\t\t\t\t<div class=\"elementor-widget-container\">\n\t\t\t\t\t\t\t\t\t<div class=\"entry-content\">\n<div class=\"elementor elementor-1436\" data-elementor-type=\"wp-page\" data-elementor-id=\"1436\">\n<div class=\"elementor-element elementor-element-8898633 e-flex e-con-boxed e-con e-parent e-lazyloaded\" data-id=\"8898633\" data-element_type=\"container\">\n<div class=\"e-con-inner\">\n<div class=\"elementor-element elementor-element-afb3d4a elementor-widget elementor-widget-text-editor\" data-id=\"afb3d4a\" data-element_type=\"widget\" data-widget_type=\"text-editor.default\">\n<div class=\"elementor-widget-container\">\n<div id=\"content\" class=\"site-content\">\n<section class=\"dt-py-default\">\n<div class=\"dt-container\">\n<div class=\"dt-row dt-g-5\">\n<div class=\"dt-col-lg-12 dt-col-md-12 dt-col-12 wow fadeInUp\" style=\"visibility: visible; animation-name: fadeInUp;\">\n<p style=\"text-align: justify;\">Gli obiettivi del progetto \"Young Green Entrepreneurship Ecosystem\" sono molteplici e mirano a creare un sistema di supporto completo per i giovani imprenditori verdi in tutta Europa. Il progetto si propone di favorire e promuovere l&#8217;imprenditoria verde tra i giovani, fornendo loro gli strumenti, le conoscenze e le opportunit\u00e0 necessarie per sviluppare e sostenere iniziative imprenditoriali responsabili dal punto di vista ambientale. In questo modo, il progetto intende rispondere alla crescente domanda di pratiche sostenibili nelle imprese e contribuire al pi\u00f9 ampio obiettivo di combattere il cambiamento climatico.  <\/p>\n<p style=\"text-align: justify;\">Uno degli obiettivi principali \u00e8 quello di fornire una formazione innovativa e mirata che fornisca ai giovani imprenditori le competenze e le conoscenze necessarie per avere successo nell&#8217;economia verde. La formazione sar\u00e0 erogata attraverso una variet\u00e0 di formati, tra cui moduli online, workshop e programmi di mentorship, tutti progettati per soddisfare le diverse esigenze e gli stili di apprendimento dei giovani. Il programma di studi tratter\u00e0 argomenti essenziali come le pratiche commerciali sostenibili, la valutazione dell&#8217;impatto ambientale, la tecnologia verde, le ricerche di mercato e lo sviluppo di modelli commerciali innovativi che diano priorit\u00e0 alla sostenibilit\u00e0. Offrendo questa formazione completa, il progetto mira a potenziare una nuova generazione di imprenditori che si impegnano a promuovere un cambiamento ambientale positivo attraverso le loro iniziative commerciali.   <\/p>\n<p style=\"text-align: justify;\">Oltre alla formazione, il progetto cerca anche di fornire ai giovani imprenditori verdi l&#8217;accesso ai mercati e alle opportunit\u00e0 di finanziamento, che spesso rappresentano barriere significative all&#8217;ingresso nel mondo degli affari. Il progetto creer\u00e0 dei percorsi che permetteranno a questi imprenditori di entrare in contatto con potenziali investitori, compresi gli angel investor interessati a sostenere le imprese sostenibili. Facilitando questi collegamenti, il progetto contribuir\u00e0 a colmare il divario tra le idee innovative e le risorse necessarie per realizzarle. Inoltre, il progetto offrir\u00e0 una guida per orientarsi nel complesso panorama delle opzioni di finanziamento nazionali e internazionali, assicurando che i giovani imprenditori siano ben equipaggiati per assicurarsi il sostegno finanziario di cui hanno bisogno per far crescere le loro aziende.   <\/p>\n<p style=\"text-align: justify;\">Un obiettivo centrale del progetto \u00e8 quello di aumentare la consapevolezza dell&#8217;imprenditorialit\u00e0 verde tra tutte le parti interessate, compresi produttori, imprenditori, mentori e investitori. Attraverso la sensibilizzazione, il progetto mira a coltivare una pi\u00f9 ampia comprensione dell&#8217;importanza e del potenziale dell&#8217;imprenditoria verde nel promuovere la crescita economica e la sostenibilit\u00e0 ambientale. Questa maggiore consapevolezza non solo andr\u00e0 a vantaggio dei giovani imprenditori, ma incoragger\u00e0 anche le aziende produttrici ad adottare pratiche pi\u00f9 ecologiche, ispirer\u00e0 i mentori a sostenere modelli aziendali sostenibili e attirer\u00e0 gli investitori che sono alla ricerca di opportunit\u00e0 di investimento di impatto e socialmente responsabili.  <\/p>\n<p style=\"text-align: justify;\">Per raggiungere questi obiettivi, il progetto si concentrer\u00e0 sulla creazione di un ecosistema dinamico e vivace che riunisca tutte le parti interessate nel campo dell&#8217;imprenditoria verde. Questo ecosistema funger\u00e0 da piattaforma per l&#8217;interazione, la comunicazione e la collaborazione, facilitando lo scambio di idee, risorse e buone pratiche tra imprenditori, mentori, produttori e investitori. Con l&#8217;istituzione di questo ecosistema, il progetto mira a creare un ambiente favorevole in cui i giovani imprenditori verdi possano prosperare e in cui tutte le parti interessate possano lavorare insieme per promuovere la causa della sostenibilit\u00e0.  <\/p>\n<p style=\"text-align: justify;\">In sintesi, gli obiettivi del progetto \"Young Green Entrepreneurship Ecosystem\" sono quelli di coltivare e promuovere la giovane imprenditoria verde fornendo una formazione innovativa, l&#8217;accesso a risorse fondamentali e opportunit\u00e0 di collaborazione e supporto. Aumentando la consapevolezza e promuovendo l&#8217;interazione tra tutte le parti interessate, il progetto mira a costruire un solido ecosistema che sostenga lo sviluppo di iniziative imprenditoriali sostenibili e contribuisca agli obiettivi pi\u00f9 ampi della tutela dell&#8217;ambiente e della resilienza economica. <\/p>\n<\/div>\n<\/div>\n<\/div>\n<\/section>\n<\/div>\n<\/div>\n<\/div>\n<\/div>\n<\/div>\n<\/div>\n<\/div>\t\t\t\t\t\t\t\t<\/div>\n\t\t\t\t<\/div>\n\t\t\t\t<\/div>\n\t\t\t\t\t<\/div>\n\t\t\t\t<\/div>\n\t\t\t\t<\/div>\n\t\t","protected":false},"excerpt":{"rendered":"<p>Gli obiettivi del progetto \"Young Green Entrepreneurship Ecosystem\" sono molteplici e mirano a creare un sistema di supporto completo per i giovani imprenditori verdi in tutta Europa. Il progetto si propone di favorire e promuovere l&#8217;imprenditoria verde tra i giovani, fornendo loro gli strumenti, le conoscenze e le opportunit\u00e0 necessarie per sviluppare e sostenere iniziative<\/p>\n","protected":false},"author":1,"featured_media":0,"parent":0,"menu_order":0,"comment_status":"closed","ping_status":"closed","template":"elementor_header_footer","meta":{"inline_featured_image":false,"footnotes":""},"class_list":["post-2710","page","type-page","status-publish","hentry"],"_links":{"self":[{"href":"https:\/\/youngreenteco.com\/it\/wp-json\/wp\/v2\/pages\/2710","targetHints":{"allow":["GET"]}}],"collection":[{"href":"https:\/\/youngreenteco.com\/it\/wp-json\/wp\/v2\/pages"}],"about":[{"href":"https:\/\/youngreenteco.com\/it\/wp-json\/wp\/v2\/types\/page"}],"author":[{"embeddable":true,"href":"https:\/\/youngreenteco.com\/it\/wp-json\/wp\/v2\/users\/1"}],"replies":[{"embeddable":true,"href":"https:\/\/youngreenteco.com\/it\/wp-json\/wp\/v2\/comments?post=2710"}],"version-history":[{"count":1,"href":"https:\/\/youngreenteco.com\/it\/wp-json\/wp\/v2\/pages\/2710\/revisions"}],"predecessor-version":[{"id":2711,"href":"https:\/\/youngreenteco.com\/it\/wp-json\/wp\/v2\/pages\/2710\/revisions\/2711"}],"wp:attachment":[{"href":"https:\/\/youngreenteco.com\/it\/wp-json\/wp\/v2\/media?parent=2710"}],"curies":[{"name":"wp","href":"https:\/\/api.w.org\/{rel}","templated":true}]}}