{"id":2824,"date":"2024-09-24T10:22:30","date_gmt":"2024-09-24T10:22:30","guid":{"rendered":"https:\/\/youngreenteco.com\/griglia-del-blog\/"},"modified":"2025-05-02T18:12:30","modified_gmt":"2025-05-02T18:12:30","slug":"griglia-del-blog","status":"publish","type":"page","link":"https:\/\/youngreenteco.com\/it\/griglia-del-blog\/","title":{"rendered":"Blog"},"content":{"rendered":"\t\t<div data-elementor-type=\"wp-page\" data-elementor-id=\"2824\" class=\"elementor elementor-2824 elementor-1318\">\n\t\t\t\t<div class=\"elementor-element elementor-element-91684a3 e-flex e-con-boxed e-con e-parent\" data-id=\"91684a3\" data-element_type=\"container\">\n\t\t\t\t\t<div class=\"e-con-inner\">\n\t\t\t\t<div class=\"elementor-element elementor-element-6adce7b elementor-widget elementor-widget-visaland-blog-post-widget\" data-id=\"6adce7b\" data-element_type=\"widget\" data-widget_type=\"visaland-blog-post-widget.default\">\n\t\t\t\t<div class=\"elementor-widget-container\">\n\t\t\t\t\t\r\n        \r\n        \r\n        <div class=\"row\">\r\n                        <div class=\"col-lg-4 col-md-6 wow fadeInUp\" data-wow-delay=\".3s\">\r\n                <div class=\"news-box-items\">\r\n                    <div class=\"news-image\">\r\n\r\n                                                    <img decoding=\"async\" src=\"https:\/\/youngreenteco.com\/wp-content\/uploads\/2025\/12\/Promotion-and-Dissemination-Event-02.jpg\" alt=\"\">\r\n                            <img decoding=\"async\" src=\"https:\/\/youngreenteco.com\/wp-content\/uploads\/2025\/12\/Promotion-and-Dissemination-Event-02.jpg\" alt=\"\">\r\n                        \r\n                                                    <h6 class=\"date\">05 <span>Dic<\/span><\/h6>\r\n                        \r\n                    <\/div>\r\n                    <div class=\"news-content\">\r\n                       <ul class=\"post-date\">\r\n                            <li>\r\n                                <i class=\"far fa-user-circle\"><\/i>\r\n                                admin                            <\/li>\r\n                            <li>\r\n                                <i class=\"fal fa-comments\"><\/i>\r\n                                Comments (0)\r\n                            <\/li>\r\n                                                        <li>\r\n                                <i class=\"fas fa-tag\"><\/i> \r\n                                No tags found                       \r\n                            <\/li>\r\n                            \r\n                                                    <\/ul>\r\n                        <h3><a href=\"https:\/\/youngreenteco.com\/it\/evento-di-promozione-e-divulgazione\/\">Evento di promozione e divulgazione<\/a><\/h3>\r\n                        <p>\r\n                            Nell'ambito del progetto Young Green Entrepreneurship Ecosystem (YOUNGREENTECO), \u00e8 stato organizzato con...                        <\/p>\r\n                        <a href=\"https:\/\/youngreenteco.com\/it\/evento-di-promozione-e-divulgazione\/\" class=\"link-btn\">\r\n                            <span>Read More<\/span> <i class=\"fas fa-chevron-right\"><\/i>\r\n                        <\/a>\r\n                    <\/div>\r\n                <\/div>\r\n            <\/div>\r\n                        <div class=\"col-lg-4 col-md-6 wow fadeInUp\" data-wow-delay=\".3s\">\r\n                <div class=\"news-box-items\">\r\n                    <div class=\"news-image\">\r\n\r\n                                                    <img decoding=\"async\" src=\"https:\/\/youngreenteco.com\/wp-content\/uploads\/2025\/04\/1722003854196-1536x1152-1.jpg\" alt=\"\">\r\n                            <img decoding=\"async\" src=\"https:\/\/youngreenteco.com\/wp-content\/uploads\/2025\/04\/1722003854196-1536x1152-1.jpg\" alt=\"\">\r\n                        \r\n                                                    <h6 class=\"date\">29 <span>Lug<\/span><\/h6>\r\n                        \r\n                    <\/div>\r\n                    <div class=\"news-content\">\r\n                       <ul class=\"post-date\">\r\n                            <li>\r\n                                <i class=\"far fa-user-circle\"><\/i>\r\n                                admin                            <\/li>\r\n                            <li>\r\n                                <i class=\"fal fa-comments\"><\/i>\r\n                                Comments (0)\r\n                            <\/li>\r\n                                                        <li>\r\n                                <i class=\"fas fa-tag\"><\/i> \r\n                                No tags found                       \r\n                            <\/li>\r\n                            \r\n                                                    <\/ul>\r\n                        <h3><a href=\"https:\/\/youngreenteco.com\/it\/lincontro-di-avvio-si-e-tenuto-il-25-26-luglio-2024-ospitato-dal-coordinatore-del-progetto-luniversita-di-selcuk\/\">L&#8217;incontro di avvio si \u00e8 tenuto il 25-26 luglio 2024, ospitato dal coordinatore del progetto, l&#8217;Universit\u00e0 di Sel\u00e7uk.<\/a><\/h3>\r\n                        <p>\r\n                            Il 25-26 luglio 2024 si \u00e8 tenuto il Kick Off Meeting del...                        <\/p>\r\n                        <a href=\"https:\/\/youngreenteco.com\/it\/lincontro-di-avvio-si-e-tenuto-il-25-26-luglio-2024-ospitato-dal-coordinatore-del-progetto-luniversita-di-selcuk\/\" class=\"link-btn\">\r\n                            <span>Read More<\/span> <i class=\"fas fa-chevron-right\"><\/i>\r\n                        <\/a>\r\n                    <\/div>\r\n                <\/div>\r\n            <\/div>\r\n                                <\/div>\r\n\r\n        \t\r\n\r\n        \t\t\t\t<\/div>\n\t\t\t\t<\/div>\n\t\t\t\t\t<\/div>\n\t\t\t\t<\/div>\n\t\t\t\t<\/div>\n\t\t","protected":false},"excerpt":{"rendered":"<p>14 Sep salman Comments (0) Green Card Citizenship Concept on How to Become a UK Resident With worldwide annual spend on digital advertising surpassing $325 billion, it\u2019s no&#8230; Read More 14 Sep salman Comments (0) Green Card Wonders of Ancient Civilizations Through Egypt With worldwide annual spend on digital advertising surpassing $325 billion, it\u2019s no&#8230;<\/p>\n","protected":false},"author":1,"featured_media":0,"parent":0,"menu_order":0,"comment_status":"closed","ping_status":"closed","template":"elementor_header_footer","meta":{"inline_featured_image":false,"footnotes":""},"class_list":["post-2824","page","type-page","status-publish","hentry"],"_links":{"self":[{"href":"https:\/\/youngreenteco.com\/it\/wp-json\/wp\/v2\/pages\/2824","targetHints":{"allow":["GET"]}}],"collection":[{"href":"https:\/\/youngreenteco.com\/it\/wp-json\/wp\/v2\/pages"}],"about":[{"href":"https:\/\/youngreenteco.com\/it\/wp-json\/wp\/v2\/types\/page"}],"author":[{"embeddable":true,"href":"https:\/\/youngreenteco.com\/it\/wp-json\/wp\/v2\/users\/1"}],"replies":[{"embeddable":true,"href":"https:\/\/youngreenteco.com\/it\/wp-json\/wp\/v2\/comments?post=2824"}],"version-history":[{"count":2,"href":"https:\/\/youngreenteco.com\/it\/wp-json\/wp\/v2\/pages\/2824\/revisions"}],"predecessor-version":[{"id":2832,"href":"https:\/\/youngreenteco.com\/it\/wp-json\/wp\/v2\/pages\/2824\/revisions\/2832"}],"wp:attachment":[{"href":"https:\/\/youngreenteco.com\/it\/wp-json\/wp\/v2\/media?parent=2824"}],"curies":[{"name":"wp","href":"https:\/\/api.w.org\/{rel}","templated":true}]}}