{"id":2696,"date":"2025-04-29T18:04:30","date_gmt":"2025-04-29T18:04:30","guid":{"rendered":"https:\/\/youngreenteco.com\/rezultate-preconizate\/"},"modified":"2025-04-30T18:08:18","modified_gmt":"2025-04-30T18:08:18","slug":"rezultate-preconizate","status":"publish","type":"page","link":"https:\/\/youngreenteco.com\/ro\/rezultate-preconizate\/","title":{"rendered":"Rezultate preconizate"},"content":{"rendered":"\t\t<div data-elementor-type=\"wp-page\" data-elementor-id=\"2696\" class=\"elementor elementor-2696 elementor-1469\">\n\t\t\t\t<div class=\"elementor-element elementor-element-ce1df53 e-flex e-con-boxed e-con e-parent\" data-id=\"ce1df53\" data-element_type=\"container\">\n\t\t\t\t\t<div class=\"e-con-inner\">\n\t\t\t\t<div class=\"elementor-element elementor-element-6fbd9e2 elementor-widget elementor-widget-text-editor\" data-id=\"6fbd9e2\" data-element_type=\"widget\" data-widget_type=\"text-editor.default\">\n\t\t\t\t<div class=\"elementor-widget-container\">\n\t\t\t\t\t\t\t\t\t<div id=\"content\" class=\"site-content\"><section class=\"dt-py-default\"><div class=\"dt-container\"><div class=\"dt-row dt-g-5\"><div class=\"dt-col-lg-12 dt-col-md-12 dt-col-12 wow fadeInUp\" style=\"visibility: visible; animation-name: fadeInUp;\"><p style=\"text-align: justify;\">Proiectul \"Young Green Entrepreneurship Ecosystem\" este conceput pentru a ob\u021bine mai multe rezultate esen\u021biale care vor avea un impact de durat\u0103 asupra dezvolt\u0103rii antreprenoriatului ecologic \u00een r\u00e2ndul tinerilor din \u00eentreaga Europ\u0103.<\/p><p style=\"text-align: justify;\">Unul dintre principalele rezultate a\u0219teptate este o cre\u0219tere semnificativ\u0103 a gradului de con\u0219tientizare \u0219i \u00een\u021belegere a antreprenoriatului ecologic \u00een r\u00e2ndul tinerilor \u0219i al altor p\u0103r\u021bi interesate cheie. Prin dezvoltarea unor module de formare validate \u0219i cuprinz\u0103toare, acest proiect va oferi tinerilor antreprenori cuno\u0219tin\u021bele \u0219i competen\u021bele necesare pentru a lansa \u0219i sus\u021bine afaceri ecologice. Aceste module de formare vor acoperi subiecte esen\u021biale precum practicile de afaceri durabile, impactul asupra mediului, analiza pie\u021bei \u0219i inovarea \u00een economia ecologic\u0103. Prin furnizarea de con\u021binut educa\u021bional accesibil \u0219i de \u00eenalt\u0103 calitate, proiectul \u00ee\u0219i propune s\u0103 acopere deficitul de cuno\u0219tin\u021be care exist\u0103 \u00een prezent \u00een domeniul antreprenoriatului ecologic, f\u0103c\u00e2ndu-l mai accesibil \u0219i mai realizabil pentru tinerii care nu au fost expu\u0219i anterior acestui domeniu.<\/p><p style=\"text-align: justify;\">\u00cen plus fa\u021b\u0103 de modulele de formare, crearea unei platforme virtuale a ecosistemului antreprenorial ecologic este o component\u0103-cheie a proiectului. Aceast\u0103 platform\u0103 va servi ca un hub centralizat \u00een care tinerii antreprenori, educatorii, mentorii, investitorii \u0219i alte p\u0103r\u021bi interesate pot accesa o gam\u0103 larg\u0103 de resurse \u0219i instrumente adaptate antreprenoriatului ecologic. Platforma va oferi un depozit bogat de informa\u021bii, inclusiv studii de caz, instrumente de planificare a afacerilor, date de pia\u021b\u0103 \u0219i oportunit\u0103\u021bi de networking, toate concepute pentru a sprijini cre\u0219terea \u0219i dezvoltarea \u00eentreprinderilor ecologice. Prin facilitarea accesului u\u0219or la aceste resurse, platforma va permite tinerilor s\u0103 ia m\u0103suri \u00een cuno\u0219tin\u021b\u0103 de cauz\u0103 \u0219i cu \u00eencredere pentru a-\u0219i \u00eenfiin\u021ba propriile \u00eentreprinderi ecologice.<\/p><p style=\"text-align: justify;\">\u00cen plus, proiectul urm\u0103re\u0219te cre\u0219terea semnificativ\u0103 a particip\u0103rii tinerilor la activit\u0103\u021bi ecologice \u0219i de antreprenoriat social. Prin oferirea de sprijin \u0219i formare specifice, proiectul va \u00eencuraja mai mul\u021bi tineri s\u0103 se implice \u00een antreprenoriat, nu numai ca mijloc de dezvoltare personal\u0103 \u0219i de cre\u0219tere profesional\u0103, ci \u0219i ca modalitate de a contribui la obiective societale \u0219i de mediu mai ample. Accentul pus pe antreprenoriatul social garanteaz\u0103 c\u0103 ini\u021biativele dezvoltate prin intermediul acestui proiect nu vor fi doar viabile din punct de vedere economic, ci vor aborda \u0219i provoc\u0103ri sociale \u0219i de mediu presante, cre\u00e2nd astfel efecte pozitive \u00een comunit\u0103\u021bile pe care le deservesc.<\/p><p style=\"text-align: justify;\">Un aspect esen\u021bial al proiectului este consolidarea parteneriatelor \u0219i a cooper\u0103rii \u00eentre organiza\u021biile participante. Prin \u00eencurajarea colabor\u0103rii \u00eentre diverse p\u0103r\u021bi interesate &#8211; inclusiv institu\u021bii de \u00eenv\u0103\u021b\u0103m\u00e2nt, parteneri din industrie, organiza\u021bii neguvernamentale \u0219i autorit\u0103\u021bi publice &#8211; proiectul va crea o re\u021bea solid\u0103 care s\u0103 sprijine dezvoltarea continu\u0103 a antreprenoriatului ecologic. Aceste parteneriate vor facilita schimbul de bune practici, punerea \u00een comun a resurselor \u0219i co-crearea de solu\u021bii inovatoare la provoc\u0103rile cu care se confrunt\u0103 tinerii antreprenori verzi.<\/p><p style=\"text-align: justify;\">\u00cen cele din urm\u0103, proiectul \"Young Green Entrepreneurship Ecosystem\" va contribui la crearea unui ecosistem \u00eenfloritor \u00een care tinerii antreprenori nu numai c\u0103 sunt dota\u021bi cu competen\u021bele \u0219i cuno\u0219tin\u021bele necesare pentru a reu\u0219i, dar sunt \u0219i sprijini\u021bi de o re\u021bea de colaborare a p\u0103r\u021bilor interesate care se angajeaz\u0103 s\u0103 promoveze durabilitatea \u0219i responsabilitatea social\u0103. Rezultatele proiectului vor avea un impact pe termen lung, stimul\u00e2nd cre\u0219terea antreprenoriatului ecologic \u00een \u00eentreaga Europ\u0103 \u0219i contribuind la construirea unei economii mai durabile \u0219i mai favorabile incluziunii pentru genera\u021biile viitoare.<\/p><\/div><\/div><\/div><\/section><\/div>\t\t\t\t\t\t\t\t<\/div>\n\t\t\t\t<\/div>\n\t\t\t\t\t<\/div>\n\t\t\t\t<\/div>\n\t\t\t\t<\/div>\n\t\t","protected":false},"excerpt":{"rendered":"<p>Proiectul \"Young Green Entrepreneurship Ecosystem\" este conceput pentru a ob\u021bine mai multe rezultate esen\u021biale care vor avea un impact de durat\u0103 asupra dezvolt\u0103rii antreprenoriatului ecologic \u00een r\u00e2ndul tinerilor din \u00eentreaga Europ\u0103. Unul dintre principalele rezultate a\u0219teptate este o cre\u0219tere semnificativ\u0103 a gradului de con\u0219tientizare \u0219i \u00een\u021belegere a antreprenoriatului ecologic \u00een r\u00e2ndul tinerilor \u0219i al altor<\/p>\n","protected":false},"author":1,"featured_media":0,"parent":0,"menu_order":0,"comment_status":"closed","ping_status":"closed","template":"","meta":{"inline_featured_image":false,"footnotes":""},"class_list":["post-2696","page","type-page","status-publish","hentry"],"_links":{"self":[{"href":"https:\/\/youngreenteco.com\/ro\/wp-json\/wp\/v2\/pages\/2696","targetHints":{"allow":["GET"]}}],"collection":[{"href":"https:\/\/youngreenteco.com\/ro\/wp-json\/wp\/v2\/pages"}],"about":[{"href":"https:\/\/youngreenteco.com\/ro\/wp-json\/wp\/v2\/types\/page"}],"author":[{"embeddable":true,"href":"https:\/\/youngreenteco.com\/ro\/wp-json\/wp\/v2\/users\/1"}],"replies":[{"embeddable":true,"href":"https:\/\/youngreenteco.com\/ro\/wp-json\/wp\/v2\/comments?post=2696"}],"version-history":[{"count":1,"href":"https:\/\/youngreenteco.com\/ro\/wp-json\/wp\/v2\/pages\/2696\/revisions"}],"predecessor-version":[{"id":2697,"href":"https:\/\/youngreenteco.com\/ro\/wp-json\/wp\/v2\/pages\/2696\/revisions\/2697"}],"wp:attachment":[{"href":"https:\/\/youngreenteco.com\/ro\/wp-json\/wp\/v2\/media?parent=2696"}],"curies":[{"name":"wp","href":"https:\/\/api.w.org\/{rel}","templated":true}]}}