{"id":2701,"date":"2025-04-29T21:14:44","date_gmt":"2025-04-29T21:14:44","guid":{"rendered":"https:\/\/youngreenteco.com\/programele-noastre-de-formare\/"},"modified":"2025-04-29T21:14:44","modified_gmt":"2025-04-29T21:14:44","slug":"programele-noastre-de-formare","status":"publish","type":"page","link":"https:\/\/youngreenteco.com\/ro\/programele-noastre-de-formare\/","title":{"rendered":"Programele noastre de formare"},"content":{"rendered":"<div id=\"content\" class=\"site-content\">\n<section class=\"dt-py-default\">\n<div class=\"dt-container\">\n<div class=\"dt-row dt-g-5\">\n<div class=\"dt-col-lg-12 dt-col-md-12 dt-col-12 wow fadeInUp\">\n<p class=\"has-medium-font-size\">Serviciile de formare \u00een domeniul antreprenoriatului ecologic (WP2) din cadrul proiectului \"Ecosistemul tinerilor antreprenori ecologici\" sunt concepute pentru a aborda lacunele critice \u00een materie de cuno\u0219tin\u021be tehnice \u0219i financiare \u00een r\u00e2ndul tinerilor antreprenori ecologici. Acest pachet de lucru este esen\u021bial pentru promovarea unei noi genera\u021bii de antreprenori care nu numai c\u0103 sunt con\u0219tien\u021bi de provoc\u0103rile de mediu, dar sunt \u0219i echipa\u021bi pentru a construi \u0219i sus\u021bine \u00eentreprinderi care contribuie pozitiv la economia ecologic\u0103.<\/p>\n<p class=\"has-medium-font-size\">WP2 se concentreaz\u0103 pe dezvoltarea \u0219i furnizarea a patru module de formare specializate, fiecare adaptat la un aspect specific al antreprenoriatului ecologic:<\/p>\n<p class=\"has-medium-font-size\"><strong>Curriculum de formare pentru antreprenoriatul ecologic<\/strong>: Acest modul ofer\u0103 o baz\u0103 cuprinz\u0103toare pentru antreprenorii ecologici aspiran\u021bi. Acesta acoper\u0103 subiecte esen\u021biale precum modelele de afaceri durabile, dezvoltarea de produse ecologice \u0219i principiile unei economii circulare. Programul de studii subliniaz\u0103 importan\u021ba integr\u0103rii aspectelor de mediu \u00een strategia de afaceri de baz\u0103, asigur\u00e2ndu-se c\u0103 noile \u00eentreprinderi pot prospera, minimiz\u00e2ndu-\u0219i \u00een acela\u0219i timp amprenta ecologic\u0103. Participan\u021bii vor \u00eenv\u0103\u021ba cum s\u0103 identifice oportunit\u0103\u021bile de pe pia\u021ba ecologic\u0103, cum s\u0103 navigheze \u00een mediul de reglementare \u0219i cum s\u0103 utilizeze tehnologiile ecologice pentru a-\u0219i inova \u0219i diferen\u021bia produsele \u0219i serviciile.<\/p>\n<p class=\"has-medium-font-size\"><strong>Curriculum de formare a mentorilor ecologici<\/strong>: Recunosc\u00e2nd rolul vital pe care \u00eel joac\u0103 mentoratul \u00een succesul antreprenorial, acest modul urm\u0103re\u0219te s\u0103 cultive o re\u021bea de mentori ecologici bine informa\u021bi \u0219i cu experien\u021b\u0103. Ace\u0219ti mentori vor fi instrui\u021bi pentru a ghida tinerii antreprenori prin complexitatea demar\u0103rii \u0219i extinderii \u00eentreprinderilor ecologice. Curriculum-ul include strategii pentru mentorat eficient, cu accent pe promovarea mentalit\u0103\u021bilor orientate spre durabilitate, \u00eencurajarea rezilien\u021bei \u00een fa\u021ba provoc\u0103rilor \u0219i furnizarea de sfaturi practice privind practicile de afaceri ecologice. Prin dotarea mentorilor cu instrumentele \u0219i cuno\u0219tin\u021bele necesare, proiectul garanteaz\u0103 c\u0103 tinerii antreprenori au acces la sprijinul de care au nevoie pentru a reu\u0219i.<\/p>\n<p class=\"has-medium-font-size\"><strong>Curriculum de formare pentru investitorii Green Angel:<\/strong> Accesul la finan\u021bare este una dintre barierele semnificative pentru antreprenorii ecologici, \u00een special \u00een stadiile incipiente ale \u00eentreprinderilor lor. Acest modul este conceput pentru a r\u0103spunde acestei provoc\u0103ri prin instruirea poten\u021bialilor investitori providen\u021biali cu privire la aspectele unice ale investi\u021biilor \u00een \u00eentreprinderile ecologice. Programul de studii acoper\u0103 subiecte precum finan\u021barea durabil\u0103, evaluarea riscurilor \u00een \u00eentreprinderile ecologice \u0219i evaluarea factorilor de mediu, sociali \u0219i de guvernan\u021b\u0103 (ESG) \u00een deciziile de investi\u021bii. Prin educarea investitorilor cu privire la poten\u021bialele randamente \u0219i impactul investi\u021biilor ecologice, proiectul urm\u0103re\u0219te s\u0103 creasc\u0103 disponibilitatea finan\u021b\u0103rii pentru \u00eentreprinderile durabile \u0219i s\u0103 \u00eencurajeze mai mul\u021bi investitori s\u0103 sprijine economia ecologic\u0103.<\/p>\n<p class=\"has-medium-font-size\"><strong>Curriculum de formare pentru produc\u0103torii ecologici: <\/strong>Produc\u021bia joac\u0103 un rol crucial \u00een tranzi\u021bia c\u0103tre o economie ecologic\u0103, iar acest modul se concentreaz\u0103 pe nevoile specifice ale produc\u0103torilor ecologici. Acesta acoper\u0103 cele mai bune practici \u00een materie de procese de produc\u021bie durabile, utilizarea surselor de energie regenerabil\u0103, strategii de reducere a de\u0219eurilor \u0219i adoptarea de certific\u0103ri \u0219i standarde ecologice. Participan\u021bii vor \u00eenv\u0103\u021ba cum s\u0103 transforme procesele tradi\u021bionale de produc\u021bie \u00een unele mai durabile, reduc\u00e2nd impactul asupra mediului \u0219i men\u021bin\u00e2nd \u00een acela\u0219i timp competitivitatea. Programul de studii exploreaz\u0103, de asemenea, provoc\u0103rile \u0219i oportunit\u0103\u021bile produc\u021biei ecologice \u00een diverse industrii, oferind perspective practice produc\u0103torilor care doresc s\u0103 fac\u0103 trecerea la durabilitate.<\/p>\n<p class=\"has-medium-font-size\">\u00cempreun\u0103, aceste module de formare sunt concepute pentru a oferi o abordare holistic\u0103 a antreprenoriatului ecologic, echip\u00e2nd participan\u021bii cu competen\u021bele \u0219i cuno\u0219tin\u021bele necesare pentru a lansa \u0219i dezvolta \u00eentreprinderi ecologice de succes. Ini\u021biativa WP2 nu urm\u0103re\u0219te doar s\u0103 sprijine antreprenorii individuali, ci \u0219i s\u0103 contribuie la obiectivul mai larg de construire a unei economii verzi reziliente \u0219i durabile, \u00een conformitate cu obiectivele globale de durabilitate \u0219i cu \"Green Deal\" european.<\/p>\n<\/div>\n<\/div>\n<\/div>\n<\/section>\n<\/div>\n","protected":false},"excerpt":{"rendered":"<p>Serviciile de formare \u00een domeniul antreprenoriatului ecologic (WP2) din cadrul proiectului \"Ecosistemul tinerilor antreprenori ecologici\" sunt concepute pentru a aborda lacunele critice \u00een materie de cuno\u0219tin\u021be tehnice \u0219i financiare \u00een r\u00e2ndul tinerilor antreprenori ecologici. Acest pachet de lucru este esen\u021bial pentru promovarea unei noi genera\u021bii de antreprenori care nu numai c\u0103 sunt con\u0219tien\u021bi de provoc\u0103rile<\/p>\n","protected":false},"author":1,"featured_media":0,"parent":0,"menu_order":0,"comment_status":"closed","ping_status":"closed","template":"","meta":{"inline_featured_image":false,"footnotes":""},"class_list":["post-2701","page","type-page","status-publish","hentry"],"_links":{"self":[{"href":"https:\/\/youngreenteco.com\/ro\/wp-json\/wp\/v2\/pages\/2701","targetHints":{"allow":["GET"]}}],"collection":[{"href":"https:\/\/youngreenteco.com\/ro\/wp-json\/wp\/v2\/pages"}],"about":[{"href":"https:\/\/youngreenteco.com\/ro\/wp-json\/wp\/v2\/types\/page"}],"author":[{"embeddable":true,"href":"https:\/\/youngreenteco.com\/ro\/wp-json\/wp\/v2\/users\/1"}],"replies":[{"embeddable":true,"href":"https:\/\/youngreenteco.com\/ro\/wp-json\/wp\/v2\/comments?post=2701"}],"version-history":[{"count":0,"href":"https:\/\/youngreenteco.com\/ro\/wp-json\/wp\/v2\/pages\/2701\/revisions"}],"wp:attachment":[{"href":"https:\/\/youngreenteco.com\/ro\/wp-json\/wp\/v2\/media?parent=2701"}],"curies":[{"name":"wp","href":"https:\/\/api.w.org\/{rel}","templated":true}]}}