{"id":2822,"date":"2024-09-24T10:22:30","date_gmt":"2024-09-24T10:22:30","guid":{"rendered":"https:\/\/youngreenteco.com\/blog-grid\/"},"modified":"2025-05-02T18:12:29","modified_gmt":"2025-05-02T18:12:29","slug":"blog-grid","status":"publish","type":"page","link":"https:\/\/youngreenteco.com\/ro\/blog-grid\/","title":{"rendered":"Blog"},"content":{"rendered":"\t\t<div data-elementor-type=\"wp-page\" data-elementor-id=\"2822\" class=\"elementor elementor-2822 elementor-1318\">\n\t\t\t\t<div class=\"elementor-element elementor-element-91684a3 e-flex e-con-boxed e-con e-parent\" data-id=\"91684a3\" data-element_type=\"container\">\n\t\t\t\t\t<div class=\"e-con-inner\">\n\t\t\t\t<div class=\"elementor-element elementor-element-6adce7b elementor-widget elementor-widget-visaland-blog-post-widget\" data-id=\"6adce7b\" data-element_type=\"widget\" data-widget_type=\"visaland-blog-post-widget.default\">\n\t\t\t\t<div class=\"elementor-widget-container\">\n\t\t\t\t\t\r\n        \r\n        \r\n        <div class=\"row\">\r\n                        <div class=\"col-lg-4 col-md-6 wow fadeInUp\" data-wow-delay=\".3s\">\r\n                <div class=\"news-box-items\">\r\n                    <div class=\"news-image\">\r\n\r\n                                                    <img decoding=\"async\" src=\"https:\/\/youngreenteco.com\/wp-content\/uploads\/2025\/12\/Promotion-and-Dissemination-Event-02.jpg\" alt=\"\">\r\n                            <img decoding=\"async\" src=\"https:\/\/youngreenteco.com\/wp-content\/uploads\/2025\/12\/Promotion-and-Dissemination-Event-02.jpg\" alt=\"\">\r\n                        \r\n                                                    <h6 class=\"date\">05 <span>dec.<\/span><\/h6>\r\n                        \r\n                    <\/div>\r\n                    <div class=\"news-content\">\r\n                       <ul class=\"post-date\">\r\n                            <li>\r\n                                <i class=\"far fa-user-circle\"><\/i>\r\n                                admin                            <\/li>\r\n                            <li>\r\n                                <i class=\"fal fa-comments\"><\/i>\r\n                                Comments (0)\r\n                            <\/li>\r\n                                                        <li>\r\n                                <i class=\"fas fa-tag\"><\/i> \r\n                                No tags found                       \r\n                            <\/li>\r\n                            \r\n                                                    <\/ul>\r\n                        <h3><a href=\"https:\/\/youngreenteco.com\/ro\/eveniment-de-promovare-si-diseminare\/\">Eveniment de promovare \u0219i diseminare<\/a><\/h3>\r\n                        <p>\r\n                            Ca parte a proiectului Young Green Entrepreneurship Ecosystem (YOUNGREENTECO), un eveniment de...                        <\/p>\r\n                        <a href=\"https:\/\/youngreenteco.com\/ro\/eveniment-de-promovare-si-diseminare\/\" class=\"link-btn\">\r\n                            <span>Read More<\/span> <i class=\"fas fa-chevron-right\"><\/i>\r\n                        <\/a>\r\n                    <\/div>\r\n                <\/div>\r\n            <\/div>\r\n                        <div class=\"col-lg-4 col-md-6 wow fadeInUp\" data-wow-delay=\".3s\">\r\n                <div class=\"news-box-items\">\r\n                    <div class=\"news-image\">\r\n\r\n                                                    <img decoding=\"async\" src=\"https:\/\/youngreenteco.com\/wp-content\/uploads\/2025\/04\/1722003854196-1536x1152-1.jpg\" alt=\"\">\r\n                            <img decoding=\"async\" src=\"https:\/\/youngreenteco.com\/wp-content\/uploads\/2025\/04\/1722003854196-1536x1152-1.jpg\" alt=\"\">\r\n                        \r\n                                                    <h6 class=\"date\">29 <span>iul.<\/span><\/h6>\r\n                        \r\n                    <\/div>\r\n                    <div class=\"news-content\">\r\n                       <ul class=\"post-date\">\r\n                            <li>\r\n                                <i class=\"far fa-user-circle\"><\/i>\r\n                                admin                            <\/li>\r\n                            <li>\r\n                                <i class=\"fal fa-comments\"><\/i>\r\n                                Comments (0)\r\n                            <\/li>\r\n                                                        <li>\r\n                                <i class=\"fas fa-tag\"><\/i> \r\n                                No tags found                       \r\n                            <\/li>\r\n                            \r\n                                                    <\/ul>\r\n                        <h3><a href=\"https:\/\/youngreenteco.com\/ro\/reuniunea-de-lansare-a-avut-loc-la-25-26-iulie-2024-si-a-fost-gazduita-de-coordonatorul-proiectului-universitatea-selcuk\/\">Reuniunea de lansare a avut loc la 25-26 iulie 2024 \u0219i a fost g\u0103zduit\u0103 de coordonatorul proiectului, Universitatea Sel\u00e7uk.<\/a><\/h3>\r\n                        <p>\r\n                            Reuniunea de lansare a proiectului interna\u021bional \"Young Green Entrepreneurship Ecosystem\" (YOUNGREENTECO) sus\u021binut...                        <\/p>\r\n                        <a href=\"https:\/\/youngreenteco.com\/ro\/reuniunea-de-lansare-a-avut-loc-la-25-26-iulie-2024-si-a-fost-gazduita-de-coordonatorul-proiectului-universitatea-selcuk\/\" class=\"link-btn\">\r\n                            <span>Read More<\/span> <i class=\"fas fa-chevron-right\"><\/i>\r\n                        <\/a>\r\n                    <\/div>\r\n                <\/div>\r\n            <\/div>\r\n                                <\/div>\r\n\r\n        \t\r\n\r\n        \t\t\t\t<\/div>\n\t\t\t\t<\/div>\n\t\t\t\t\t<\/div>\n\t\t\t\t<\/div>\n\t\t\t\t<\/div>\n\t\t","protected":false},"excerpt":{"rendered":"<p>14 Sep salman Comments (0) Green Card Citizenship Concept on How to Become a UK Resident With worldwide annual spend on digital advertising surpassing $325 billion, it\u2019s no&#8230; Read More 14 Sep salman Comments (0) Green Card Wonders of Ancient Civilizations Through Egypt With worldwide annual spend on digital advertising surpassing $325 billion, it\u2019s no&#8230;<\/p>\n","protected":false},"author":1,"featured_media":0,"parent":0,"menu_order":0,"comment_status":"closed","ping_status":"closed","template":"elementor_header_footer","meta":{"inline_featured_image":false,"footnotes":""},"class_list":["post-2822","page","type-page","status-publish","hentry"],"_links":{"self":[{"href":"https:\/\/youngreenteco.com\/ro\/wp-json\/wp\/v2\/pages\/2822","targetHints":{"allow":["GET"]}}],"collection":[{"href":"https:\/\/youngreenteco.com\/ro\/wp-json\/wp\/v2\/pages"}],"about":[{"href":"https:\/\/youngreenteco.com\/ro\/wp-json\/wp\/v2\/types\/page"}],"author":[{"embeddable":true,"href":"https:\/\/youngreenteco.com\/ro\/wp-json\/wp\/v2\/users\/1"}],"replies":[{"embeddable":true,"href":"https:\/\/youngreenteco.com\/ro\/wp-json\/wp\/v2\/comments?post=2822"}],"version-history":[{"count":2,"href":"https:\/\/youngreenteco.com\/ro\/wp-json\/wp\/v2\/pages\/2822\/revisions"}],"predecessor-version":[{"id":2831,"href":"https:\/\/youngreenteco.com\/ro\/wp-json\/wp\/v2\/pages\/2822\/revisions\/2831"}],"wp:attachment":[{"href":"https:\/\/youngreenteco.com\/ro\/wp-json\/wp\/v2\/media?parent=2822"}],"curies":[{"name":"wp","href":"https:\/\/api.w.org\/{rel}","templated":true}]}}