{"id":2700,"date":"2025-04-29T21:14:44","date_gmt":"2025-04-29T21:14:44","guid":{"rendered":"https:\/\/youngreenteco.com\/egitim-mufredatlarimiz\/"},"modified":"2025-04-29T21:14:44","modified_gmt":"2025-04-29T21:14:44","slug":"egitim-mufredatlarimiz","status":"publish","type":"page","link":"https:\/\/youngreenteco.com\/tr\/egitim-mufredatlarimiz\/","title":{"rendered":"E\u011fitim M\u00fcfredatlar\u0131m\u0131z"},"content":{"rendered":"<div id=\"content\" class=\"site-content\">\n<section class=\"dt-py-default\">\n<div class=\"dt-container\">\n<div class=\"dt-row dt-g-5\">\n<div class=\"dt-col-lg-12 dt-col-md-12 dt-col-12 wow fadeInUp\">\n<p class=\"has-medium-font-size\">&#8216;Gen\u00e7 Ye\u015fil Giri\u015fimcilik Ekosistemi&#8217; projesi kapsam\u0131ndaki Ye\u015fil Giri\u015fimcilik E\u011fitim Hizmetleri (WP2), gen\u00e7 ye\u015fil giri\u015fimciler aras\u0131ndaki teknik ve finansal bilgi alan\u0131ndaki kritik bo\u015fluklar\u0131 gidermek \u00fczere tasarlanm\u0131\u015ft\u0131r. Bu \u00e7al\u0131\u015fma paketi, sadece \u00e7evresel zorluklar\u0131n fark\u0131nda olan de\u011fil, ayn\u0131 zamanda ye\u015fil ekonomiye olumlu katk\u0131da bulunan giri\u015fimler kurmak ve s\u00fcrd\u00fcrmek i\u00e7in donan\u0131ml\u0131 olan yeni nesil giri\u015fimcileri te\u015fvik etmek i\u00e7in gereklidir.<\/p>\n<p class=\"has-medium-font-size\">WP2, her biri ye\u015fil giri\u015fimcili\u011fin belirli bir y\u00f6n\u00fcne g\u00f6re uyarlanm\u0131\u015f d\u00f6rt \u00f6zel e\u011fitim mod\u00fcl\u00fc geli\u015ftirmeye ve sunmaya odaklanmaktad\u0131r:<\/p>\n<p class=\"has-medium-font-size\"><strong>Ye\u015fil Giri\u015fimcilik E\u011fitim M\u00fcfredat\u0131<\/strong>: Bu mod\u00fcl, ye\u015fil giri\u015fimci adaylar\u0131 i\u00e7in kapsaml\u0131 bir temel sa\u011flar. S\u00fcrd\u00fcr\u00fclebilir i\u015f modelleri, \u00e7evre dostu \u00fcr\u00fcn geli\u015ftirme ve d\u00f6ng\u00fcsel ekonomi ilkeleri gibi temel konular\u0131 kapsamaktad\u0131r. M\u00fcfredat, \u00e7evresel hususlar\u0131n temel i\u015f stratejisine entegre edilmesinin \u00f6nemini vurgulayarak yeni giri\u015fimlerin ekolojik ayak izlerini en aza indirirken geli\u015febilmelerini sa\u011flamaktad\u0131r. Kat\u0131l\u0131mc\u0131lar, ye\u015fil pazardaki f\u0131rsatlar\u0131 nas\u0131l belirleyeceklerini, d\u00fczenleyici ortamlarda nas\u0131l gezineceklerini ve \u00fcr\u00fcn ve hizmetlerini yenilemek ve farkl\u0131la\u015ft\u0131rmak i\u00e7in ye\u015fil teknolojilerden nas\u0131l yararlanacaklar\u0131n\u0131 \u00f6\u011frenecekler.<\/p>\n<p class=\"has-medium-font-size\"><strong>Ye\u015fil Mentor E\u011fitim M\u00fcfredat\u0131<\/strong>: Mentorlu\u011fun giri\u015fimcilik ba\u015far\u0131s\u0131nda oynad\u0131\u011f\u0131 hayati rol\u00fc kabul eden bu mod\u00fcl, bilgili ve deneyimli ye\u015fil mentorlardan olu\u015fan bir a\u011f geli\u015ftirmeyi ama\u00e7lamaktad\u0131r. Bu ment\u00f6rler, gen\u00e7 giri\u015fimcilere ye\u015fil i\u015fletmeler kurman\u0131n ve \u00f6l\u00e7eklendirmenin karma\u015f\u0131kl\u0131\u011f\u0131 konusunda rehberlik etmek \u00fczere e\u011fitilecektir. M\u00fcfredat, s\u00fcrd\u00fcr\u00fclebilirlik odakl\u0131 zihniyetleri geli\u015ftirmeye, zorluklar kar\u015f\u0131s\u0131nda dayan\u0131kl\u0131l\u0131\u011f\u0131 te\u015fvik etmeye ve ye\u015fil i\u015f uygulamalar\u0131 hakk\u0131nda pratik tavsiyeler vermeye odaklanarak etkili mentorluk stratejilerini i\u00e7ermektedir. Mentorlar\u0131 do\u011fru ara\u00e7 ve bilgilerle donatan proje, gen\u00e7 giri\u015fimcilerin ba\u015far\u0131l\u0131 olmak i\u00e7in ihtiya\u00e7 duyduklar\u0131 deste\u011fe eri\u015febilmelerini sa\u011fl\u0131yor.<\/p>\n<p class=\"has-medium-font-size\"><strong>Ye\u015fil Melek Yat\u0131r\u0131mc\u0131 E\u011fitim M\u00fcfredat\u0131:<\/strong> Finansmana eri\u015fim, \u00f6zellikle giri\u015fimlerinin ilk a\u015famalar\u0131nda ye\u015fil giri\u015fimcilerin \u00f6n\u00fcndeki \u00f6nemli engellerden biridir. Bu mod\u00fcl, potansiyel melek yat\u0131r\u0131mc\u0131lar\u0131 ye\u015fil i\u015fletmelere yat\u0131r\u0131m yapman\u0131n benzersiz y\u00f6nleri konusunda e\u011fiterek bu zorlu\u011fu ele almak \u00fczere tasarlanm\u0131\u015ft\u0131r. M\u00fcfredat, s\u00fcrd\u00fcr\u00fclebilir finans, ye\u015fil giri\u015fimlerde risk de\u011ferlendirmesi ve yat\u0131r\u0131m kararlar\u0131nda \u00e7evresel, sosyal ve y\u00f6neti\u015fim (ESG) fakt\u00f6rlerinin de\u011ferlendirilmesi gibi konular\u0131 kapsamaktad\u0131r. Proje, yat\u0131r\u0131mc\u0131lar\u0131 ye\u015fil yat\u0131r\u0131mlar\u0131n potansiyel getirileri ve etkileri konusunda e\u011fiterek, s\u00fcrd\u00fcr\u00fclebilir giri\u015fimler i\u00e7in fon bulunabilirli\u011fini art\u0131rmay\u0131 ve daha fazla yat\u0131r\u0131mc\u0131y\u0131 ye\u015fil ekonomiyi desteklemeye te\u015fvik etmeyi ama\u00e7l\u0131yor.<\/p>\n<p class=\"has-medium-font-size\"><strong>Ye\u015fil \u00dcreticiler E\u011fitim M\u00fcfredat\u0131: <\/strong>\u00dcretim, ye\u015fil ekonomiye ge\u00e7i\u015fte \u00e7ok \u00f6nemli bir rol oynamaktad\u0131r ve bu mod\u00fcl ye\u015fil \u00fcreticilerin \u00f6zel ihtiya\u00e7lar\u0131na odaklanmaktad\u0131r. S\u00fcrd\u00fcr\u00fclebilir \u00fcretim s\u00fcre\u00e7lerindeki en iyi uygulamalar\u0131, yenilenebilir enerji kaynaklar\u0131n\u0131n kullan\u0131m\u0131n\u0131, at\u0131k azaltma stratejilerini ve ye\u015fil sertifikalar\u0131n ve standartlar\u0131n benimsenmesini kapsar. Kat\u0131l\u0131mc\u0131lar, geleneksel \u00fcretim s\u00fcre\u00e7lerini nas\u0131l daha s\u00fcrd\u00fcr\u00fclebilir s\u00fcre\u00e7lere d\u00f6n\u00fc\u015ft\u00fcrebileceklerini, rekabet g\u00fcc\u00fcn\u00fc korurken \u00e7evresel etkiyi nas\u0131l azaltabileceklerini \u00f6\u011frenecekler. M\u00fcfredat ayr\u0131ca \u00e7e\u015fitli sekt\u00f6rlerde ye\u015fil \u00fcretimin zorluklar\u0131n\u0131 ve f\u0131rsatlar\u0131n\u0131 ara\u015ft\u0131rarak s\u00fcrd\u00fcr\u00fclebilirli\u011fe ge\u00e7i\u015f yapmak isteyen \u00fcreticiler i\u00e7in pratik bilgiler sa\u011fl\u0131yor.<\/p>\n<p class=\"has-medium-font-size\">Bu e\u011fitim mod\u00fclleri birlikte, ye\u015fil giri\u015fimcili\u011fe b\u00fct\u00fcnsel bir yakla\u015f\u0131m sa\u011flamak ve kat\u0131l\u0131mc\u0131lar\u0131 ba\u015far\u0131l\u0131 ye\u015fil giri\u015fimler ba\u015flatmak ve b\u00fcy\u00fctmek i\u00e7in gerekli beceri ve bilgilerle donatmak \u00fczere tasarlanm\u0131\u015ft\u0131r. WP2 giri\u015fimi sadece bireysel giri\u015fimcileri desteklemeyi de\u011fil, ayn\u0131 zamanda k\u00fcresel s\u00fcrd\u00fcr\u00fclebilirlik hedefleri ve Avrupa Ye\u015fil Anla\u015fmas\u0131 ile uyumlu, esnek ve s\u00fcrd\u00fcr\u00fclebilir bir ye\u015fil ekonomi in\u015fa etme hedefine katk\u0131da bulunmay\u0131 ama\u00e7lamaktad\u0131r.<\/p>\n<\/div>\n<\/div>\n<\/div>\n<\/section>\n<\/div>\n","protected":false},"excerpt":{"rendered":"<p>&#8216;Gen\u00e7 Ye\u015fil Giri\u015fimcilik Ekosistemi&#8217; projesi kapsam\u0131ndaki Ye\u015fil Giri\u015fimcilik E\u011fitim Hizmetleri (WP2), gen\u00e7 ye\u015fil giri\u015fimciler aras\u0131ndaki teknik ve finansal bilgi alan\u0131ndaki kritik bo\u015fluklar\u0131 gidermek \u00fczere tasarlanm\u0131\u015ft\u0131r. Bu \u00e7al\u0131\u015fma paketi, sadece \u00e7evresel zorluklar\u0131n fark\u0131nda olan de\u011fil, ayn\u0131 zamanda ye\u015fil ekonomiye olumlu katk\u0131da bulunan giri\u015fimler kurmak ve s\u00fcrd\u00fcrmek i\u00e7in donan\u0131ml\u0131 olan yeni nesil giri\u015fimcileri te\u015fvik etmek i\u00e7in gereklidir.<\/p>\n","protected":false},"author":1,"featured_media":0,"parent":0,"menu_order":0,"comment_status":"closed","ping_status":"closed","template":"","meta":{"inline_featured_image":false,"footnotes":""},"class_list":["post-2700","page","type-page","status-publish","hentry"],"_links":{"self":[{"href":"https:\/\/youngreenteco.com\/tr\/wp-json\/wp\/v2\/pages\/2700","targetHints":{"allow":["GET"]}}],"collection":[{"href":"https:\/\/youngreenteco.com\/tr\/wp-json\/wp\/v2\/pages"}],"about":[{"href":"https:\/\/youngreenteco.com\/tr\/wp-json\/wp\/v2\/types\/page"}],"author":[{"embeddable":true,"href":"https:\/\/youngreenteco.com\/tr\/wp-json\/wp\/v2\/users\/1"}],"replies":[{"embeddable":true,"href":"https:\/\/youngreenteco.com\/tr\/wp-json\/wp\/v2\/comments?post=2700"}],"version-history":[{"count":0,"href":"https:\/\/youngreenteco.com\/tr\/wp-json\/wp\/v2\/pages\/2700\/revisions"}],"wp:attachment":[{"href":"https:\/\/youngreenteco.com\/tr\/wp-json\/wp\/v2\/media?parent=2700"}],"curies":[{"name":"wp","href":"https:\/\/api.w.org\/{rel}","templated":true}]}}