{"id":2702,"date":"2024-09-24T08:13:54","date_gmt":"2024-09-24T08:13:54","guid":{"rendered":"https:\/\/youngreenteco.com\/hakkimizda\/"},"modified":"2025-04-30T18:08:35","modified_gmt":"2025-04-30T18:08:35","slug":"hakkimizda","status":"publish","type":"page","link":"https:\/\/youngreenteco.com\/tr\/hakkimizda\/","title":{"rendered":"Hakk\u0131m\u0131zda"},"content":{"rendered":"\t\t<div data-elementor-type=\"wp-page\" data-elementor-id=\"2702\" class=\"elementor elementor-2702 elementor-1209\">\n\t\t\t\t<div class=\"elementor-element elementor-element-6c0213e e-flex e-con-boxed e-con e-parent\" data-id=\"6c0213e\" data-element_type=\"container\">\n\t\t\t\t\t<div class=\"e-con-inner\">\n\t\t<div class=\"elementor-element elementor-element-a99e513 e-con-full e-flex e-con e-child\" data-id=\"a99e513\" data-element_type=\"container\">\n\t\t\t\t<div class=\"elementor-element elementor-element-f373ec6 elementor-widget elementor-widget-visaland-image-styles-widget\" data-id=\"f373ec6\" data-element_type=\"widget\" data-widget_type=\"visaland-image-styles-widget.default\">\n\t\t\t\t<div class=\"elementor-widget-container\">\n\t\t\t\t\t\r\n\t\r\n\r\n\t<div class=\"choose-wrapper\">\r\n\t\t<div class=\"choose-image-items\">\r\n\t\t\t<div class=\"choose-image bg-cover wow fadeInUp\" data-wow-delay=\".3s\" style=\"background-image: url('https:\/\/youngreenteco.com\/wp-content\/uploads\/2024\/09\/05-1.jpg');\"><\/div>\r\n\t\t\t<div class=\"choose-image-2 wow fadeInRight\" data-wow-delay=\".5s\">\r\n\t\t\t\t   \r\n\t\t\t\t\t<img decoding=\"async\" src=\"https:\/\/youngreenteco.com\/wp-content\/uploads\/2024\/09\/03-5.jpg\" alt=\"\"\/>\r\n\t\t\t\t\t\t\t<\/div>\r\n\t\t\t<div class=\"circle-shape\">\r\n\t\t\t\t   \r\n\t\t\t\t\t<img decoding=\"async\" class=\"text-circle\" src=\"https:\/\/youngreenteco.com\/wp-content\/uploads\/2024\/09\/details-4-1.jpg\" alt=\"\"\/>\r\n\t\t\t\t\t\t\t<\/div>\r\n\t\t<\/div>\r\n\t<\/div>\r\n\r\n\t\t\r\n             \r\n\t\t\t\t\t\t<\/div>\n\t\t\t\t<\/div>\n\t\t\t\t<\/div>\n\t\t<div class=\"elementor-element elementor-element-d8c4970 e-con-full e-flex e-con e-child\" data-id=\"d8c4970\" data-element_type=\"container\">\n\t\t\t\t<div class=\"elementor-element elementor-element-a6f4f08 elementor-widget elementor-widget-text-editor\" data-id=\"a6f4f08\" data-element_type=\"widget\" data-widget_type=\"text-editor.default\">\n\t\t\t\t<div class=\"elementor-widget-container\">\n\t\t\t\t\t\t\t\t\t<div class=\"entry-content\">\n<div class=\"elementor elementor-1436\" data-elementor-type=\"wp-page\" data-elementor-id=\"1436\">\n<div class=\"elementor-element elementor-element-8898633 e-flex e-con-boxed e-con e-parent e-lazyloaded\" data-id=\"8898633\" data-element_type=\"container\">\n<div class=\"e-con-inner\">\n<div class=\"elementor-element elementor-element-afb3d4a elementor-widget elementor-widget-text-editor\" data-id=\"afb3d4a\" data-element_type=\"widget\" data-widget_type=\"text-editor.default\">\n<div class=\"elementor-widget-container\">\n<div id=\"content\" class=\"site-content\">\n<section class=\"dt-py-default\">\n<div class=\"dt-container\">\n<div class=\"dt-row dt-g-5\">\n<div class=\"dt-col-lg-12 dt-col-md-12 dt-col-12 wow fadeInUp\" style=\"visibility: visible; animation-name: fadeInUp;\">\n<p style=\"text-align: justify;\">\"Gen\u00e7 Ye\u015fil Giri\u015fimcilik Ekosistemi\" projesinin hedefleri \u00e7ok y\u00f6nl\u00fcd\u00fcr ve Avrupa \u00e7ap\u0131nda gen\u00e7 ye\u015fil giri\u015fimciler i\u00e7in kapsaml\u0131 bir destek sistemi olu\u015fturmay\u0131 ama\u00e7lamaktad\u0131r. Proje \u00f6z\u00fcnde, \u00e7evreye duyarl\u0131 i\u015f giri\u015fimleri geli\u015ftirmek ve s\u00fcrd\u00fcrmek i\u00e7in gerekli ara\u00e7, bilgi ve f\u0131rsatlar\u0131 sa\u011flayarak gen\u00e7ler aras\u0131nda ye\u015fil giri\u015fimcili\u011fi te\u015fvik etmeyi ve desteklemeyi ama\u00e7lamaktad\u0131r. Bu sayede proje, i\u015f d\u00fcnyas\u0131nda s\u00fcrd\u00fcr\u00fclebilir uygulamalara y\u00f6nelik artan talebi kar\u015f\u0131lamay\u0131 ve iklim de\u011fi\u015fikli\u011fiyle m\u00fccadele hedefine katk\u0131da bulunmay\u0131 ama\u00e7lamaktad\u0131r.  <\/p>\n<p style=\"text-align: justify;\">Temel hedeflerden biri, gen\u00e7 giri\u015fimcileri ye\u015fil ekonomide ba\u015far\u0131l\u0131 olmak i\u00e7in ihtiya\u00e7 duyduklar\u0131 beceri ve bilgilerle donatan yenilik\u00e7i ve hedefe y\u00f6nelik e\u011fitimler sa\u011flamakt\u0131r. Bu e\u011fitim, \u00e7evrimi\u00e7i mod\u00fcller, at\u00f6lye \u00e7al\u0131\u015fmalar\u0131 ve mentorluk programlar\u0131 da dahil olmak \u00fczere, gen\u00e7lerin farkl\u0131 ihtiya\u00e7lar\u0131na ve \u00f6\u011frenme tarzlar\u0131na hitap edecek \u015fekilde tasarlanm\u0131\u015f \u00e7e\u015fitli formatlar arac\u0131l\u0131\u011f\u0131yla verilecektir. M\u00fcfredat, s\u00fcrd\u00fcr\u00fclebilir i\u015f uygulamalar\u0131, \u00e7evresel etki de\u011ferlendirmesi, ye\u015fil teknoloji, pazar ara\u015ft\u0131rmas\u0131 ve s\u00fcrd\u00fcr\u00fclebilirli\u011fe \u00f6ncelik veren yenilik\u00e7i i\u015f modellerinin geli\u015ftirilmesi gibi temel konular\u0131 kapsayacakt\u0131r. Bu kapsaml\u0131 e\u011fitimi sunarak proje, i\u015f giri\u015fimleri arac\u0131l\u0131\u011f\u0131yla olumlu \u00e7evresel de\u011fi\u015fim yaratmaya kararl\u0131 yeni nesil giri\u015fimcileri g\u00fc\u00e7lendirmeyi ama\u00e7lamaktad\u0131r.   <\/p>\n<p style=\"text-align: justify;\">E\u011fitimin yan\u0131 s\u0131ra proje, gen\u00e7 ye\u015fil giri\u015fimcilere i\u015f d\u00fcnyas\u0131na giri\u015fte genellikle \u00f6nemli engeller olan pazarlara ve finansman f\u0131rsatlar\u0131na eri\u015fim sa\u011flamay\u0131 da ama\u00e7lamaktad\u0131r. Proje, bu giri\u015fimcilerin s\u00fcrd\u00fcr\u00fclebilir i\u015fletmeleri desteklemekle ilgilenen melek yat\u0131r\u0131mc\u0131lar da dahil olmak \u00fczere potansiyel yat\u0131r\u0131mc\u0131larla ba\u011flant\u0131 kurmalar\u0131 i\u00e7in yollar olu\u015fturacakt\u0131r. Bu ba\u011flant\u0131lar\u0131 kolayla\u015ft\u0131rarak proje, yenilik\u00e7i fikirler ile bunlar\u0131 hayata ge\u00e7irmek i\u00e7in gereken kaynaklar aras\u0131ndaki bo\u015flu\u011fu doldurmaya yard\u0131mc\u0131 olacakt\u0131r. Ayr\u0131ca proje, ulusal ve uluslararas\u0131 finansman se\u00e7eneklerinin karma\u015f\u0131k ortam\u0131nda gezinme konusunda rehberlik sunarak gen\u00e7 giri\u015fimcilerin i\u015flerini b\u00fcy\u00fctmek i\u00e7in ihtiya\u00e7 duyduklar\u0131 finansal deste\u011fi g\u00fcvence alt\u0131na almak i\u00e7in iyi donan\u0131ml\u0131 olmalar\u0131n\u0131 sa\u011flayacakt\u0131r.   <\/p>\n<p style=\"text-align: justify;\">Projenin temel ama\u00e7lar\u0131ndan biri, \u00fcreticiler, giri\u015fimciler, mentorlar ve yat\u0131r\u0131mc\u0131lar da dahil olmak \u00fczere t\u00fcm payda\u015flar aras\u0131nda ye\u015fil giri\u015fimcilik konusunda fark\u0131ndal\u0131\u011f\u0131 art\u0131rmakt\u0131r. Proje, fark\u0131ndal\u0131\u011f\u0131 art\u0131rarak, ye\u015fil giri\u015fimcili\u011fin ekonomik b\u00fcy\u00fcme ve \u00e7evresel s\u00fcrd\u00fcr\u00fclebilirli\u011fi sa\u011flamadaki \u00f6nemi ve potansiyeli hakk\u0131nda daha geni\u015f bir anlay\u0131\u015f geli\u015ftirmeyi ama\u00e7lamaktad\u0131r. Bu artan fark\u0131ndal\u0131k sadece gen\u00e7 giri\u015fimcilere fayda sa\u011flamakla kalmayacak, ayn\u0131 zamanda \u00fcreticileri daha ye\u015fil uygulamalar\u0131 benimsemeye te\u015fvik edecek, mentorlara s\u00fcrd\u00fcr\u00fclebilir i\u015f modellerini desteklemeleri i\u00e7in ilham verecek ve etkili ve sosyal a\u00e7\u0131dan sorumlu yat\u0131r\u0131m f\u0131rsatlar\u0131 arayan yat\u0131r\u0131mc\u0131lar\u0131 \u00e7ekecektir.  <\/p>\n<p style=\"text-align: justify;\">Bu hedeflere ula\u015fmak i\u00e7in proje, ye\u015fil giri\u015fimcilik alan\u0131ndaki t\u00fcm ilgili payda\u015flar\u0131 bir araya getiren canl\u0131 ve dinamik bir ekosistem olu\u015fturmaya odaklanacakt\u0131r. Bu ekosistem, giri\u015fimciler, ment\u00f6rler, \u00fcreticiler ve yat\u0131r\u0131mc\u0131lar aras\u0131nda fikir, kaynak ve en iyi uygulamalar\u0131n al\u0131\u015fveri\u015fini kolayla\u015ft\u0131rarak etkile\u015fim, ileti\u015fim ve i\u015fbirli\u011fi i\u00e7in bir platform g\u00f6revi g\u00f6recektir. Proje, bu ekosistemi kurarak gen\u00e7 ye\u015fil giri\u015fimcilerin geli\u015febilece\u011fi ve t\u00fcm payda\u015flar\u0131n s\u00fcrd\u00fcr\u00fclebilirlik davas\u0131n\u0131 ilerletmek i\u00e7in birlikte \u00e7al\u0131\u015fabilece\u011fi destekleyici bir ortam yaratmay\u0131 ama\u00e7lamaktad\u0131r.  <\/p>\n<p style=\"text-align: justify;\">\u00d6zetle, \"Gen\u00e7 Ye\u015fil Giri\u015fimcilik Ekosistemi\" projesinin hedefleri, yenilik\u00e7i e\u011fitim, kritik kaynaklara eri\u015fim ve i\u015fbirli\u011fi ve destek f\u0131rsatlar\u0131 sa\u011flayarak gen\u00e7 ye\u015fil giri\u015fimcili\u011fi beslemek ve te\u015fvik etmektir. Proje, fark\u0131ndal\u0131\u011f\u0131 art\u0131rarak ve t\u00fcm payda\u015flar aras\u0131nda etkile\u015fimi te\u015fvik ederek, s\u00fcrd\u00fcr\u00fclebilir i\u015f giri\u015fimlerinin geli\u015fimini destekleyen ve daha geni\u015f \u00e7evresel y\u00f6netim ve ekonomik esneklik hedeflerine katk\u0131da bulunan sa\u011flam bir ekosistem olu\u015fturmay\u0131 ama\u00e7lamaktad\u0131r. <\/p>\n<\/div>\n<\/div>\n<\/div>\n<\/section>\n<\/div>\n<\/div>\n<\/div>\n<\/div>\n<\/div>\n<\/div>\n<\/div>\t\t\t\t\t\t\t\t<\/div>\n\t\t\t\t<\/div>\n\t\t\t\t<\/div>\n\t\t\t\t\t<\/div>\n\t\t\t\t<\/div>\n\t\t\t\t<\/div>\n\t\t","protected":false},"excerpt":{"rendered":"<p>\"Gen\u00e7 Ye\u015fil Giri\u015fimcilik Ekosistemi\" projesinin hedefleri \u00e7ok y\u00f6nl\u00fcd\u00fcr ve Avrupa \u00e7ap\u0131nda gen\u00e7 ye\u015fil giri\u015fimciler i\u00e7in kapsaml\u0131 bir destek sistemi olu\u015fturmay\u0131 ama\u00e7lamaktad\u0131r. Proje \u00f6z\u00fcnde, \u00e7evreye duyarl\u0131 i\u015f giri\u015fimleri geli\u015ftirmek ve s\u00fcrd\u00fcrmek i\u00e7in gerekli ara\u00e7, bilgi ve f\u0131rsatlar\u0131 sa\u011flayarak gen\u00e7ler aras\u0131nda ye\u015fil giri\u015fimcili\u011fi te\u015fvik etmeyi ve desteklemeyi ama\u00e7lamaktad\u0131r. Bu sayede proje, i\u015f d\u00fcnyas\u0131nda s\u00fcrd\u00fcr\u00fclebilir uygulamalara y\u00f6nelik artan<\/p>\n","protected":false},"author":1,"featured_media":0,"parent":0,"menu_order":0,"comment_status":"closed","ping_status":"closed","template":"elementor_header_footer","meta":{"inline_featured_image":false,"footnotes":""},"class_list":["post-2702","page","type-page","status-publish","hentry"],"_links":{"self":[{"href":"https:\/\/youngreenteco.com\/tr\/wp-json\/wp\/v2\/pages\/2702","targetHints":{"allow":["GET"]}}],"collection":[{"href":"https:\/\/youngreenteco.com\/tr\/wp-json\/wp\/v2\/pages"}],"about":[{"href":"https:\/\/youngreenteco.com\/tr\/wp-json\/wp\/v2\/types\/page"}],"author":[{"embeddable":true,"href":"https:\/\/youngreenteco.com\/tr\/wp-json\/wp\/v2\/users\/1"}],"replies":[{"embeddable":true,"href":"https:\/\/youngreenteco.com\/tr\/wp-json\/wp\/v2\/comments?post=2702"}],"version-history":[{"count":1,"href":"https:\/\/youngreenteco.com\/tr\/wp-json\/wp\/v2\/pages\/2702\/revisions"}],"predecessor-version":[{"id":2704,"href":"https:\/\/youngreenteco.com\/tr\/wp-json\/wp\/v2\/pages\/2702\/revisions\/2704"}],"wp:attachment":[{"href":"https:\/\/youngreenteco.com\/tr\/wp-json\/wp\/v2\/media?parent=2702"}],"curies":[{"name":"wp","href":"https:\/\/api.w.org\/{rel}","templated":true}]}}