{"id":2724,"date":"2025-04-29T18:04:30","date_gmt":"2025-04-29T18:04:30","guid":{"rendered":"https:\/\/youngreenteco.com\/beklenen-sonuclar\/"},"modified":"2025-05-03T11:02:58","modified_gmt":"2025-05-03T11:02:58","slug":"beklenen-sonuclar","status":"publish","type":"page","link":"https:\/\/youngreenteco.com\/tr\/beklenen-sonuclar\/","title":{"rendered":"Beklenen Sonu\u00e7lar"},"content":{"rendered":"\t\t<div data-elementor-type=\"wp-page\" data-elementor-id=\"2724\" class=\"elementor elementor-2724 elementor-1469\">\n\t\t\t\t<div class=\"elementor-element elementor-element-ce1df53 e-flex e-con-boxed e-con e-parent\" data-id=\"ce1df53\" data-element_type=\"container\">\n\t\t\t\t\t<div class=\"e-con-inner\">\n\t\t\t\t<div class=\"elementor-element elementor-element-6fbd9e2 elementor-widget elementor-widget-text-editor\" data-id=\"6fbd9e2\" data-element_type=\"widget\" data-widget_type=\"text-editor.default\">\n\t\t\t\t<div class=\"elementor-widget-container\">\n\t\t\t\t\t\t\t\t\t<div id=\"content\" class=\"site-content\"><section class=\"dt-py-default\"><div class=\"dt-container\"><div class=\"dt-row dt-g-5\"><div class=\"dt-col-lg-12 dt-col-md-12 dt-col-12 wow fadeInUp\" style=\"visibility: visible; animation-name: fadeInUp;\"><p style=\"text-align: justify;\">\"Gen\u00e7 Ye\u015fil Giri\u015fimcilik Ekosistemi\" projesi, Avrupa \u00e7ap\u0131nda gen\u00e7ler aras\u0131nda ye\u015fil giri\u015fimcili\u011fin geli\u015ftirilmesi \u00fczerinde kal\u0131c\u0131 bir etkiye sahip olacak birka\u00e7 kritik sonu\u00e7 elde etmek \u00fczere tasarlanm\u0131\u015ft\u0131r.<\/p><p style=\"text-align: justify;\">Beklenen ba\u015fl\u0131ca sonu\u00e7lardan biri, gen\u00e7ler ve di\u011fer kilit payda\u015flar aras\u0131nda ye\u015fil giri\u015fimcilik konusunda fark\u0131ndal\u0131k ve anlay\u0131\u015fta \u00f6nemli bir art\u0131\u015f sa\u011flanmas\u0131d\u0131r. Onaylanm\u0131\u015f ve kapsaml\u0131 e\u011fitim mod\u00fcllerinin geli\u015ftirilmesi yoluyla, bu proje gen\u00e7 giri\u015fimcilere ye\u015fil i\u015f giri\u015fimlerini ba\u015flatmak ve s\u00fcrd\u00fcrmek i\u00e7in gerekli bilgi ve becerileri sa\u011flayacakt\u0131r. Bu e\u011fitim mod\u00fclleri s\u00fcrd\u00fcr\u00fclebilir i\u015f uygulamalar\u0131, \u00e7evresel etki, pazar analizi ve ye\u015fil ekonomide inovasyon gibi temel konular\u0131 kapsayacakt\u0131r. Proje, eri\u015filebilir, y\u00fcksek kaliteli e\u011fitim i\u00e7eri\u011fi sa\u011flayarak, ye\u015fil giri\u015fimcilik alan\u0131nda var olan bilgi a\u00e7\u0131\u011f\u0131n\u0131 kapatmay\u0131 ve bu alana daha \u00f6nce maruz kalmam\u0131\u015f gen\u00e7ler i\u00e7in daha ula\u015f\u0131labilir ve eri\u015filebilir hale getirmeyi ama\u00e7lamaktad\u0131r.<\/p><p style=\"text-align: justify;\">E\u011fitim mod\u00fcllerine ek olarak, Sanal Ye\u015fil Giri\u015fimcilik Ekosistemi Platformunun olu\u015fturulmas\u0131 da projenin \u00f6nemli bir bile\u015fenidir. Bu platform, gen\u00e7 giri\u015fimcilerin, e\u011fitimcilerin, mentorlar\u0131n, yat\u0131r\u0131mc\u0131lar\u0131n ve di\u011fer payda\u015flar\u0131n ye\u015fil giri\u015fimcili\u011fe \u00f6zel \u00e7ok \u00e7e\u015fitli kaynak ve ara\u00e7lara eri\u015febilecekleri merkezi bir merkez olarak hizmet verecektir. Platform, ye\u015fil i\u015fletmelerin b\u00fcy\u00fcmesini ve geli\u015fmesini desteklemek i\u00e7in tasarlanm\u0131\u015f vaka \u00e7al\u0131\u015fmalar\u0131, i\u015f planlama ara\u00e7lar\u0131, pazar verileri ve a\u011f olu\u015fturma f\u0131rsatlar\u0131 da dahil olmak \u00fczere zengin bir bilgi havuzu sunacakt\u0131r. Platform, bu kaynaklara kolay eri\u015fim sa\u011flayarak gen\u00e7lerin kendi ye\u015fil giri\u015fimlerini kurma yolunda bilin\u00e7li ve emin ad\u0131mlar atmalar\u0131n\u0131 sa\u011flayacakt\u0131r.<\/p><p style=\"text-align: justify;\">Ayr\u0131ca proje, gen\u00e7lerin ye\u015fil ve sosyal giri\u015fimcilik faaliyetlerine kat\u0131l\u0131m\u0131n\u0131 \u00f6nemli \u00f6l\u00e7\u00fcde art\u0131rmay\u0131 ama\u00e7lamaktad\u0131r. Proje, hedefe y\u00f6nelik destek ve e\u011fitim sa\u011flayarak, sadece ki\u015fisel geli\u015fim ve kariyer b\u00fcy\u00fcmesi i\u00e7in de\u011fil, ayn\u0131 zamanda daha geni\u015f toplumsal ve \u00e7evresel hedeflere katk\u0131da bulunman\u0131n bir yolu olarak daha fazla genci giri\u015fimcili\u011fe te\u015fvik edecektir. Sosyal giri\u015fimcili\u011fe odaklan\u0131lmas\u0131, bu proje arac\u0131l\u0131\u011f\u0131yla geli\u015ftirilen giri\u015fimlerin yaln\u0131zca ekonomik olarak uygulanabilir olmas\u0131n\u0131 de\u011fil, ayn\u0131 zamanda acil sosyal ve \u00e7evresel zorluklar\u0131 da ele almas\u0131n\u0131 ve b\u00f6ylece hizmet ettikleri toplumlarda olumlu dalgalanma etkileri yaratmas\u0131n\u0131 sa\u011flamaktad\u0131r.<\/p><p style=\"text-align: justify;\">Projenin kritik bir y\u00f6n\u00fc de kat\u0131l\u0131mc\u0131 kurulu\u015flar aras\u0131ndaki ortakl\u0131klar\u0131n ve i\u015fbirli\u011finin g\u00fc\u00e7lendirilmesidir. Proje, e\u011fitim kurumlar\u0131, end\u00fcstri ortaklar\u0131, sivil toplum kurulu\u015flar\u0131 ve kamu yetkilileri de dahil olmak \u00fczere \u00e7e\u015fitli payda\u015flar aras\u0131nda i\u015fbirli\u011fini te\u015fvik ederek ye\u015fil giri\u015fimcili\u011fin s\u00fcrekli geli\u015fimini destekleyen sa\u011flam bir a\u011f olu\u015fturacakt\u0131r. Bu ortakl\u0131klar, en iyi uygulamalar\u0131n payla\u015f\u0131lmas\u0131n\u0131, kaynaklar\u0131n bir araya getirilmesini ve gen\u00e7 ye\u015fil giri\u015fimcilerin kar\u015f\u0131la\u015ft\u0131\u011f\u0131 zorluklara yenilik\u00e7i \u00e7\u00f6z\u00fcmlerin birlikte olu\u015fturulmas\u0131n\u0131 kolayla\u015ft\u0131racakt\u0131r.<\/p><p style=\"text-align: justify;\">Sonu\u00e7 olarak, \"Gen\u00e7 Ye\u015fil Giri\u015fimcilik Ekosistemi\" projesi, gen\u00e7 giri\u015fimcilerin sadece ba\u015far\u0131l\u0131 olmak i\u00e7in gerekli beceri ve bilgilerle donat\u0131lmakla kalmay\u0131p ayn\u0131 zamanda s\u00fcrd\u00fcr\u00fclebilirlik ve sosyal sorumlulu\u011fu te\u015fvik etmeye kararl\u0131 payda\u015flardan olu\u015fan i\u015fbirlik\u00e7i bir a\u011f taraf\u0131ndan desteklendi\u011fi geli\u015fen bir ekosistemin olu\u015fturulmas\u0131na katk\u0131da bulunacakt\u0131r. Projenin sonu\u00e7lar\u0131 uzun s\u00fcreli bir etkiye sahip olacak, Avrupa genelinde ye\u015fil giri\u015fimcili\u011fin b\u00fcy\u00fcmesini sa\u011flayacak ve gelecek nesiller i\u00e7in daha s\u00fcrd\u00fcr\u00fclebilir ve kapsay\u0131c\u0131 bir ekonomi in\u015fa edilmesine yard\u0131mc\u0131 olacakt\u0131r.<\/p><\/div><\/div><\/div><\/section><\/div>\t\t\t\t\t\t\t\t<\/div>\n\t\t\t\t<\/div>\n\t\t\t\t\t<\/div>\n\t\t\t\t<\/div>\n\t\t\t\t<\/div>\n\t\t","protected":false},"excerpt":{"rendered":"<p>\"Gen\u00e7 Ye\u015fil Giri\u015fimcilik Ekosistemi\" projesi, Avrupa \u00e7ap\u0131nda gen\u00e7ler aras\u0131nda ye\u015fil giri\u015fimcili\u011fin geli\u015ftirilmesi \u00fczerinde kal\u0131c\u0131 bir etkiye sahip olacak birka\u00e7 kritik sonu\u00e7 elde etmek \u00fczere tasarlanm\u0131\u015ft\u0131r. Beklenen ba\u015fl\u0131ca sonu\u00e7lardan biri, gen\u00e7ler ve di\u011fer kilit payda\u015flar aras\u0131nda ye\u015fil giri\u015fimcilik konusunda fark\u0131ndal\u0131k ve anlay\u0131\u015fta \u00f6nemli bir art\u0131\u015f sa\u011flanmas\u0131d\u0131r. Onaylanm\u0131\u015f ve kapsaml\u0131 e\u011fitim mod\u00fcllerinin geli\u015ftirilmesi yoluyla, bu proje gen\u00e7<\/p>\n","protected":false},"author":1,"featured_media":0,"parent":0,"menu_order":0,"comment_status":"closed","ping_status":"closed","template":"","meta":{"inline_featured_image":false,"footnotes":""},"class_list":["post-2724","page","type-page","status-publish","hentry"],"_links":{"self":[{"href":"https:\/\/youngreenteco.com\/tr\/wp-json\/wp\/v2\/pages\/2724","targetHints":{"allow":["GET"]}}],"collection":[{"href":"https:\/\/youngreenteco.com\/tr\/wp-json\/wp\/v2\/pages"}],"about":[{"href":"https:\/\/youngreenteco.com\/tr\/wp-json\/wp\/v2\/types\/page"}],"author":[{"embeddable":true,"href":"https:\/\/youngreenteco.com\/tr\/wp-json\/wp\/v2\/users\/1"}],"replies":[{"embeddable":true,"href":"https:\/\/youngreenteco.com\/tr\/wp-json\/wp\/v2\/comments?post=2724"}],"version-history":[{"count":2,"href":"https:\/\/youngreenteco.com\/tr\/wp-json\/wp\/v2\/pages\/2724\/revisions"}],"predecessor-version":[{"id":2907,"href":"https:\/\/youngreenteco.com\/tr\/wp-json\/wp\/v2\/pages\/2724\/revisions\/2907"}],"wp:attachment":[{"href":"https:\/\/youngreenteco.com\/tr\/wp-json\/wp\/v2\/media?parent=2724"}],"curies":[{"name":"wp","href":"https:\/\/api.w.org\/{rel}","templated":true}]}}