{"id":2820,"date":"2024-09-24T10:22:30","date_gmt":"2024-09-24T10:22:30","guid":{"rendered":"https:\/\/youngreenteco.com\/blog-izgarasi\/"},"modified":"2025-05-02T18:12:29","modified_gmt":"2025-05-02T18:12:29","slug":"blog-izgarasi","status":"publish","type":"page","link":"https:\/\/youngreenteco.com\/tr\/blog-izgarasi\/","title":{"rendered":"Blog"},"content":{"rendered":"\t\t<div data-elementor-type=\"wp-page\" data-elementor-id=\"2820\" class=\"elementor elementor-2820 elementor-1318\">\n\t\t\t\t<div class=\"elementor-element elementor-element-91684a3 e-flex e-con-boxed e-con e-parent\" data-id=\"91684a3\" data-element_type=\"container\">\n\t\t\t\t\t<div class=\"e-con-inner\">\n\t\t\t\t<div class=\"elementor-element elementor-element-6adce7b elementor-widget elementor-widget-visaland-blog-post-widget\" data-id=\"6adce7b\" data-element_type=\"widget\" data-widget_type=\"visaland-blog-post-widget.default\">\n\t\t\t\t<div class=\"elementor-widget-container\">\n\t\t\t\t\t\r\n        \r\n        \r\n        <div class=\"row\">\r\n                        <div class=\"col-lg-4 col-md-6 wow fadeInUp\" data-wow-delay=\".3s\">\r\n                <div class=\"news-box-items\">\r\n                    <div class=\"news-image\">\r\n\r\n                                                    <img decoding=\"async\" src=\"https:\/\/youngreenteco.com\/wp-content\/uploads\/2025\/12\/Promotion-and-Dissemination-Event-02.jpg\" alt=\"\">\r\n                            <img decoding=\"async\" src=\"https:\/\/youngreenteco.com\/wp-content\/uploads\/2025\/12\/Promotion-and-Dissemination-Event-02.jpg\" alt=\"\">\r\n                        \r\n                                                    <h6 class=\"date\">05 <span>Ara<\/span><\/h6>\r\n                        \r\n                    <\/div>\r\n                    <div class=\"news-content\">\r\n                       <ul class=\"post-date\">\r\n                            <li>\r\n                                <i class=\"far fa-user-circle\"><\/i>\r\n                                admin                            <\/li>\r\n                            <li>\r\n                                <i class=\"fal fa-comments\"><\/i>\r\n                                Comments (0)\r\n                            <\/li>\r\n                                                        <li>\r\n                                <i class=\"fas fa-tag\"><\/i> \r\n                                No tags found                       \r\n                            <\/li>\r\n                            \r\n                                                    <\/ul>\r\n                        <h3><a href=\"https:\/\/youngreenteco.com\/tr\/tanitim-ve-yayginlastirma-etkinligi\/\">Tan\u0131t\u0131m ve Yayg\u0131nla\u015ft\u0131rma Etkinli\u011fi<\/a><\/h3>\r\n                        <p>\r\n                            Gen\u00e7 Ye\u015fil Giri\u015fimcilik Ekosistemi (YOUNGREENTECO) projesi kapsam\u0131nda, de\u011ferli proje orta\u011f\u0131m\u0131z INNOPARK Teknoloji...                        <\/p>\r\n                        <a href=\"https:\/\/youngreenteco.com\/tr\/tanitim-ve-yayginlastirma-etkinligi\/\" class=\"link-btn\">\r\n                            <span>Read More<\/span> <i class=\"fas fa-chevron-right\"><\/i>\r\n                        <\/a>\r\n                    <\/div>\r\n                <\/div>\r\n            <\/div>\r\n                        <div class=\"col-lg-4 col-md-6 wow fadeInUp\" data-wow-delay=\".3s\">\r\n                <div class=\"news-box-items\">\r\n                    <div class=\"news-image\">\r\n\r\n                                                    <img decoding=\"async\" src=\"https:\/\/youngreenteco.com\/wp-content\/uploads\/2025\/04\/1722003854196-1536x1152-1.jpg\" alt=\"\">\r\n                            <img decoding=\"async\" src=\"https:\/\/youngreenteco.com\/wp-content\/uploads\/2025\/04\/1722003854196-1536x1152-1.jpg\" alt=\"\">\r\n                        \r\n                                                    <h6 class=\"date\">29 <span>Tem<\/span><\/h6>\r\n                        \r\n                    <\/div>\r\n                    <div class=\"news-content\">\r\n                       <ul class=\"post-date\">\r\n                            <li>\r\n                                <i class=\"far fa-user-circle\"><\/i>\r\n                                admin                            <\/li>\r\n                            <li>\r\n                                <i class=\"fal fa-comments\"><\/i>\r\n                                Comments (0)\r\n                            <\/li>\r\n                                                        <li>\r\n                                <i class=\"fas fa-tag\"><\/i> \r\n                                No tags found                       \r\n                            <\/li>\r\n                            \r\n                                                    <\/ul>\r\n                        <h3><a href=\"https:\/\/youngreenteco.com\/tr\/acilis-toplantisi-25-26-temmuz-2024-tarihlerinde-proje-koordinatoru-selcuk-universitesinin-ev-sahipliginde-gerceklestirilmistir\/\">A\u00e7\u0131l\u0131\u015f Toplant\u0131s\u0131 25-26 Temmuz 2024 tarihlerinde proje koordinat\u00f6r\u00fc Sel\u00e7uk \u00dcniversitesi&#8217;nin ev sahipli\u011finde ger\u00e7ekle\u015ftirilmi\u015ftir.<\/a><\/h3>\r\n                        <p>\r\n                            Erasmus+ Program\u0131 Gen\u00e7lik Alan\u0131nda \u0130\u015fbirli\u011fi Ortakl\u0131klar\u0131 \u00e7er\u00e7evesinde T\u00fcrkiye Ulusal Ajans\u0131 taraf\u0131ndan desteklenen...                        <\/p>\r\n                        <a href=\"https:\/\/youngreenteco.com\/tr\/acilis-toplantisi-25-26-temmuz-2024-tarihlerinde-proje-koordinatoru-selcuk-universitesinin-ev-sahipliginde-gerceklestirilmistir\/\" class=\"link-btn\">\r\n                            <span>Read More<\/span> <i class=\"fas fa-chevron-right\"><\/i>\r\n                        <\/a>\r\n                    <\/div>\r\n                <\/div>\r\n            <\/div>\r\n                                <\/div>\r\n\r\n        \t\r\n\r\n        \t\t\t\t<\/div>\n\t\t\t\t<\/div>\n\t\t\t\t\t<\/div>\n\t\t\t\t<\/div>\n\t\t\t\t<\/div>\n\t\t","protected":false},"excerpt":{"rendered":"<p>14 Sep salman Comments (0) Green Card Citizenship Concept on How to Become a UK Resident With worldwide annual spend on digital advertising surpassing $325 billion, it\u2019s no&#8230; Read More 14 Sep salman Comments (0) Green Card Wonders of Ancient Civilizations Through Egypt With worldwide annual spend on digital advertising surpassing $325 billion, it\u2019s no&#8230;<\/p>\n","protected":false},"author":1,"featured_media":0,"parent":0,"menu_order":0,"comment_status":"closed","ping_status":"closed","template":"elementor_header_footer","meta":{"inline_featured_image":false,"footnotes":""},"class_list":["post-2820","page","type-page","status-publish","hentry"],"_links":{"self":[{"href":"https:\/\/youngreenteco.com\/tr\/wp-json\/wp\/v2\/pages\/2820","targetHints":{"allow":["GET"]}}],"collection":[{"href":"https:\/\/youngreenteco.com\/tr\/wp-json\/wp\/v2\/pages"}],"about":[{"href":"https:\/\/youngreenteco.com\/tr\/wp-json\/wp\/v2\/types\/page"}],"author":[{"embeddable":true,"href":"https:\/\/youngreenteco.com\/tr\/wp-json\/wp\/v2\/users\/1"}],"replies":[{"embeddable":true,"href":"https:\/\/youngreenteco.com\/tr\/wp-json\/wp\/v2\/comments?post=2820"}],"version-history":[{"count":2,"href":"https:\/\/youngreenteco.com\/tr\/wp-json\/wp\/v2\/pages\/2820\/revisions"}],"predecessor-version":[{"id":2830,"href":"https:\/\/youngreenteco.com\/tr\/wp-json\/wp\/v2\/pages\/2820\/revisions\/2830"}],"wp:attachment":[{"href":"https:\/\/youngreenteco.com\/tr\/wp-json\/wp\/v2\/media?parent=2820"}],"curies":[{"name":"wp","href":"https:\/\/api.w.org\/{rel}","templated":true}]}}